{"id":1727,"date":"2022-09-20T16:44:56","date_gmt":"2022-09-20T14:44:56","guid":{"rendered":"https:\/\/energi.stuns.se\/?page_id=1727"},"modified":"2023-06-28T14:10:47","modified_gmt":"2023-06-28T12:10:47","slug":"teknik-for-effektreducering","status":"publish","type":"page","link":"https:\/\/energi.stuns.se\/en\/projekt\/flex-o-mat\/teknik-for-effektreducering\/","title":{"rendered":"Technology for peak shaving"},"content":{"rendered":"<div id=\"fws_69e3963d86955\"  data-column-margin=\"default\" data-midnight=\"dark\"  class=\"wpb_row vc_row-fluid vc_row\"  style=\"padding-top: 0px; padding-bottom: 0px; \"><div class=\"row-bg-wrap\" data-bg-animation=\"none\" data-bg-animation-delay=\"\" data-bg-overlay=\"false\"><div class=\"inner-wrap row-bg-layer\" ><div class=\"row-bg viewport-desktop\"  style=\"\"><\/div><\/div><\/div><div class=\"row_col_wrap_12 col span_12 dark left\">\n\t<div  class=\"vc_col-sm-12 wpb_column column_container vc_column_container col no-extra-padding inherit_tablet inherit_phone\"  data-padding-pos=\"all\" data-has-bg-color=\"false\" data-bg-color=\"\" data-bg-opacity=\"1\" data-animation=\"\" data-delay=\"0\" >\n\t\t<div class=\"vc_column-inner\" >\n\t\t\t<div class=\"wpb_wrapper\">\n\t\t\t\t\n<div class=\"wpb_text_column wpb_content_element\" >\n\t<h1>Technology for peak shaving<\/h1>\n<\/div>\n\n\n\n\n\t\t\t<\/div> \n\t\t<\/div>\n\t<\/div> \n<\/div><\/div>\n\t\t<div id=\"fws_69e3963d86fd3\"  data-column-margin=\"default\" data-midnight=\"dark\"  class=\"wpb_row vc_row-fluid vc_row\"  style=\"padding-top: 0px; padding-bottom: 0px; \"><div class=\"row-bg-wrap\" data-bg-animation=\"none\" data-bg-animation-delay=\"\" data-bg-overlay=\"false\"><div class=\"inner-wrap row-bg-layer\" ><div class=\"row-bg viewport-desktop\"  style=\"\"><\/div><\/div><\/div><div class=\"row_col_wrap_12 col span_12 dark left\">\n\t<div  class=\"vc_col-sm-12 wpb_column column_container vc_column_container col no-extra-padding inherit_tablet inherit_phone\"  data-padding-pos=\"all\" data-has-bg-color=\"false\" data-bg-color=\"\" data-bg-opacity=\"1\" data-animation=\"\" data-delay=\"0\" >\n\t\t<div class=\"vc_column-inner\" >\n\t\t\t<div class=\"wpb_wrapper\">\n\t\t\t\t\n<div class=\"wpb_text_column wpb_content_element\" >\n\t<h3>During the autumn of 2022, an energy management system was tested in three schools in Uppsala.<\/h3>\n<p>Skolfastigheter ordered a energy management system from Sicotronic in collaboration with STUNS for Tiunda School, \u00d6stra Stenhagenskolan, and Fyrisskolan. The power management system was installed during the autumn 2022.<\/p>\n<h5>Examples of how Sicotronic's energy management system affects power usage in school kitchens:<\/h5>\n<\/div>\n\n\n\n<div id=\"fws_69e3963d87312\" data-midnight=\"\" data-column-margin=\"default\" class=\"wpb_row vc_row-fluid vc_row inner_row\"  style=\"\"><div class=\"row-bg-wrap\"> <div class=\"row-bg\" ><\/div> <\/div><div class=\"row_col_wrap_12_inner col span_12  left\">\n\t<div  class=\"vc_col-sm-6 wpb_column column_container vc_column_container col child_column no-extra-padding inherit_tablet inherit_phone\"   data-padding-pos=\"all\" data-has-bg-color=\"false\" data-bg-color=\"\" data-bg-opacity=\"1\" data-animation=\"\" data-delay=\"0\" >\n\t\t<div class=\"vc_column-inner\" >\n\t\t<div class=\"wpb_wrapper\">\n\t\t\t<div class=\"img-with-aniamtion-wrap\" data-max-width=\"100%\" data-max-width-mobile=\"default\" data-shadow=\"none\" data-animation=\"fade-in\" >\n      <div class=\"inner\">\n        <div class=\"hover-wrap\"> \n          <div class=\"hover-wrap-inner\">\n            <img decoding=\"async\" class=\"img-with-animation skip-lazy\" data-delay=\"0\" height=\"578\" width=\"952\" data-animation=\"fade-in\" src=\"https:\/\/energi.stuns.se\/wp-content\/uploads\/2023\/01\/Nobellunch_tiunda_sicotronic.png\" alt=\"\" srcset=\"https:\/\/energi.stuns.se\/wp-content\/uploads\/2023\/01\/Nobellunch_tiunda_sicotronic.png 952w, https:\/\/energi.stuns.se\/wp-content\/uploads\/2023\/01\/Nobellunch_tiunda_sicotronic-300x182.png 300w, https:\/\/energi.stuns.se\/wp-content\/uploads\/2023\/01\/Nobellunch_tiunda_sicotronic-768x466.png 768w, https:\/\/energi.stuns.se\/wp-content\/uploads\/2023\/01\/Nobellunch_tiunda_sicotronic-18x12.png 18w\" sizes=\"(max-width: 952px) 100vw, 952px\" \/>\n          <\/div>\n        <\/div>\n        \n      <\/div>\n    <\/div>\n\t\t<\/div> \n\t<\/div>\n\t<\/div> \n\n\t<div  class=\"vc_col-sm-6 wpb_column column_container vc_column_container col child_column no-extra-padding inherit_tablet inherit_phone\"   data-padding-pos=\"all\" data-has-bg-color=\"false\" data-bg-color=\"\" data-bg-opacity=\"1\" data-animation=\"\" data-delay=\"0\" >\n\t\t<div class=\"vc_column-inner\" >\n\t\t<div class=\"wpb_wrapper\">\n\t\t\t\n<div class=\"wpb_text_column wpb_content_element\" >\n\t<p>The image shows measurements from Tiunda School (2500 portions) on December 9, 2022, where the Nobel Lunch was prepared using 50% of the power with the help of the power management system from Sicotronic. The red color indicates avoided load.<\/p>\n<p>The kitchen staff does not experience any negative impact on their tasks in the kitchen when using the system from Sicotronic. The kitchen staff describes that they do not notice the power management system handling power peaks that occur.<\/p>\n<\/div>\n\n\n\n\n\t\t<\/div> \n\t<\/div>\n\t<\/div> \n<\/div><\/div><div id=\"fws_69e3963d87e2a\" data-midnight=\"\" data-column-margin=\"default\" class=\"wpb_row vc_row-fluid vc_row inner_row\"  style=\"\"><div class=\"row-bg-wrap\"> <div class=\"row-bg\" ><\/div> <\/div><div class=\"row_col_wrap_12_inner col span_12  left\">\n\t<div  class=\"vc_col-sm-6 wpb_column column_container vc_column_container col child_column no-extra-padding inherit_tablet inherit_phone\"   data-padding-pos=\"all\" data-has-bg-color=\"false\" data-bg-color=\"\" data-bg-opacity=\"1\" data-animation=\"\" data-delay=\"0\" >\n\t\t<div class=\"vc_column-inner\" >\n\t\t<div class=\"wpb_wrapper\">\n\t\t\t\n\t\t<\/div> \n\t<\/div>\n\t<\/div> \n\n\t<div  class=\"vc_col-sm-6 wpb_column column_container vc_column_container col child_column no-extra-padding inherit_tablet inherit_phone\"   data-padding-pos=\"all\" data-has-bg-color=\"false\" data-bg-color=\"\" data-bg-opacity=\"1\" data-animation=\"\" data-delay=\"0\" >\n\t\t<div class=\"vc_column-inner\" >\n\t\t<div class=\"wpb_wrapper\">\n\t\t\t\n\t\t<\/div> \n\t<\/div>\n\t<\/div> \n<\/div><\/div>\n\t\t\t<\/div> \n\t\t<\/div>\n\t<\/div> \n<\/div><\/div>\n\t\t<div id=\"fws_69e3963d880c0\"  data-column-margin=\"default\" data-midnight=\"dark\"  class=\"wpb_row vc_row-fluid vc_row\"  style=\"padding-top: 0px; padding-bottom: 0px; \"><div class=\"row-bg-wrap\" data-bg-animation=\"none\" data-bg-animation-delay=\"\" data-bg-overlay=\"false\"><div class=\"inner-wrap row-bg-layer\" ><div class=\"row-bg viewport-desktop\"  style=\"\"><\/div><\/div><\/div><div class=\"row_col_wrap_12 col span_12 dark left\">\n\t<div  class=\"vc_col-sm-12 wpb_column column_container vc_column_container col no-extra-padding inherit_tablet inherit_phone\"  data-padding-pos=\"all\" data-has-bg-color=\"false\" data-bg-color=\"\" data-bg-opacity=\"1\" data-animation=\"\" data-delay=\"0\" >\n\t\t<div class=\"vc_column-inner\" >\n\t\t\t<div class=\"wpb_wrapper\">\n\t\t\t\t\n<div class=\"wpb_text_column wpb_content_element\" >\n\t<h3>What is an energy management system?<\/h3>\n<p><a href=\"https:\/\/sicotronic.de\/en\/produkte\/\">Sicotronic energy management system<\/a> The Sicotronic energy management system can be a logical next step towards fully managing the power usage in kitchens and free up capacity in the power grid.<\/p>\n<\/div>\n\n\n\n\n\t\t\t<\/div> \n\t\t<\/div>\n\t<\/div> \n<\/div><\/div>\n\t\t<div id=\"fws_69e3963d882f8\"  data-column-margin=\"default\" data-midnight=\"dark\"  class=\"wpb_row vc_row-fluid vc_row\"  style=\"padding-top: 0px; padding-bottom: 0px; \"><div class=\"row-bg-wrap\" data-bg-animation=\"none\" data-bg-animation-delay=\"\" data-bg-overlay=\"false\"><div class=\"inner-wrap row-bg-layer\" ><div class=\"row-bg viewport-desktop\"  style=\"\"><\/div><\/div><\/div><div class=\"row_col_wrap_12 col span_12 dark left\">\n\t<div  class=\"vc_col-sm-12 wpb_column column_container vc_column_container col no-extra-padding inherit_tablet inherit_phone\"  data-padding-pos=\"all\" data-has-bg-color=\"false\" data-bg-color=\"\" data-bg-opacity=\"1\" data-animation=\"\" data-delay=\"0\" >\n\t\t<div class=\"vc_column-inner\" >\n\t\t\t<div class=\"wpb_wrapper\">\n\t\t\t\t\n<div class=\"wpb_text_column wpb_content_element\" >\n\t<h3 style=\"text-align: left;\"><strong>For further questions or if you want to learn more:\u00a0<\/strong><\/h3>\n<p style=\"text-align: left;\"><span data-contrast=\"none\">Information about the project,<\/span><span data-contrast=\"none\"> contact Fredrik Bj\u00f6rklund: <\/span><a href=\"mailto:fredrik.bjorklund@stuns.se\"><span data-contrast=\"none\">fredrik.bjorklund@stuns.se<\/span><\/a><span data-contrast=\"none\">.<\/span><\/p>\n<p>Questions to M\u00e5ltidsservice, contact Sandra Harbom: <a href=\"mailto:sandra.harbom@uppsala.se\">sandra.harbom@uppsala.se.<\/a><\/p>\n<p style=\"text-align: left;\"><span data-contrast=\"none\">The project is runned by STUNS Energi in cooperation with Skolfastigheter, M\u00e5ltidsservice in Uppsala municipality and CIT Energy Management. The project is funded by the Swedish Energy Agency.\u00a0<\/span><\/p>\n<p><img decoding=\"async\" class=\"alignnone size-full wp-image-190\" src=\"https:\/\/energi.stuns.se\/wp-content\/uploads\/2016\/07\/energimyndigheten_logo-1.png\" alt=\"\" width=\"270\" height=\"126\" \/><\/p>\n<\/div>\n\n\n\n\n\t\t\t<\/div> \n\t\t<\/div>\n\t<\/div> \n<\/div><\/div>","protected":false},"excerpt":{"rendered":"Teknik f\u00f6r effektreducering Under h\u00f6sten 2022 testades ett effekthanteringssystem i tre skolor i Uppsala Skolfastigheter\u00a0 best\u00e4llde ett effekthanteringssystem fr\u00e5n Sicotronic i samverkan med STUNS i Tiunda skola, \u00d6stra Stenhagenskolan och...","protected":false},"author":13,"featured_media":0,"parent":1266,"menu_order":0,"comment_status":"closed","ping_status":"closed","template":"","meta":{"footnotes":""},"class_list":["post-1727","page","type-page","status-publish"],"yoast_head":"<!-- This site is optimized with the Yoast SEO plugin v27.4 - https:\/\/yoast.com\/product\/yoast-seo-wordpress\/ -->\n<title>Teknik f\u00f6r effektreducering - Stuns Energi<\/title>\n<meta name=\"description\" content=\"Teknik f\u00f6r effektreducering. Under h\u00f6sten 2022 testas ett effekthanteringssystem fr\u00e5n Sicotronic i tre skolk\u00f6k i Uppsala.\" \/>\n<meta name=\"robots\" content=\"index, follow, max-snippet:-1, max-image-preview:large, max-video-preview:-1\" \/>\n<link rel=\"canonical\" href=\"https:\/\/energi.stuns.se\/en\/projekt\/flex-o-mat\/teknik-for-effektreducering\/\" \/>\n<meta property=\"og:locale\" content=\"en_GB\" \/>\n<meta property=\"og:type\" content=\"article\" \/>\n<meta property=\"og:title\" content=\"Teknik f\u00f6r effektreducering - Stuns Energi\" \/>\n<meta property=\"og:description\" content=\"Teknik f\u00f6r effektreducering. Under h\u00f6sten 2022 testas ett effekthanteringssystem fr\u00e5n Sicotronic i tre skolk\u00f6k i Uppsala.\" \/>\n<meta property=\"og:url\" content=\"https:\/\/energi.stuns.se\/en\/projekt\/flex-o-mat\/teknik-for-effektreducering\/\" \/>\n<meta property=\"og:site_name\" content=\"Stuns Energi\" \/>\n<meta property=\"article:modified_time\" content=\"2023-06-28T12:10:47+00:00\" \/>\n<meta property=\"og:image\" content=\"https:\/\/energi.stuns.se\/wp-content\/uploads\/2016\/07\/energimyndigheten_logo-1.png\" \/>\n<meta name=\"twitter:card\" content=\"summary_large_image\" \/>\n<meta name=\"twitter:label1\" content=\"Estimated reading time\" \/>\n\t<meta name=\"twitter:data1\" content=\"2 minutes\" \/>\n<script type=\"application\/ld+json\" class=\"yoast-schema-graph\">{\"@context\":\"https:\\\/\\\/schema.org\",\"@graph\":[{\"@type\":\"WebPage\",\"@id\":\"https:\\\/\\\/energi.stuns.se\\\/projekt\\\/flex-o-mat\\\/teknik-for-effektreducering\\\/\",\"url\":\"https:\\\/\\\/energi.stuns.se\\\/projekt\\\/flex-o-mat\\\/teknik-for-effektreducering\\\/\",\"name\":\"Teknik f\u00f6r effektreducering - Stuns Energi\",\"isPartOf\":{\"@id\":\"https:\\\/\\\/energi.stuns.se\\\/#website\"},\"primaryImageOfPage\":{\"@id\":\"https:\\\/\\\/energi.stuns.se\\\/projekt\\\/flex-o-mat\\\/teknik-for-effektreducering\\\/#primaryimage\"},\"image\":{\"@id\":\"https:\\\/\\\/energi.stuns.se\\\/projekt\\\/flex-o-mat\\\/teknik-for-effektreducering\\\/#primaryimage\"},\"thumbnailUrl\":\"https:\\\/\\\/energi.stuns.se\\\/wp-content\\\/uploads\\\/2016\\\/07\\\/energimyndigheten_logo-1.png\",\"datePublished\":\"2022-09-20T14:44:56+00:00\",\"dateModified\":\"2023-06-28T12:10:47+00:00\",\"description\":\"Teknik f\u00f6r effektreducering. Under h\u00f6sten 2022 testas ett effekthanteringssystem fr\u00e5n Sicotronic i tre skolk\u00f6k i Uppsala.\",\"breadcrumb\":{\"@id\":\"https:\\\/\\\/energi.stuns.se\\\/projekt\\\/flex-o-mat\\\/teknik-for-effektreducering\\\/#breadcrumb\"},\"inLanguage\":\"en-GB\",\"potentialAction\":[{\"@type\":\"ReadAction\",\"target\":[\"https:\\\/\\\/energi.stuns.se\\\/projekt\\\/flex-o-mat\\\/teknik-for-effektreducering\\\/\"]}]},{\"@type\":\"ImageObject\",\"inLanguage\":\"en-GB\",\"@id\":\"https:\\\/\\\/energi.stuns.se\\\/projekt\\\/flex-o-mat\\\/teknik-for-effektreducering\\\/#primaryimage\",\"url\":\"https:\\\/\\\/energi.stuns.se\\\/wp-content\\\/uploads\\\/2016\\\/07\\\/energimyndigheten_logo-1.png\",\"contentUrl\":\"https:\\\/\\\/energi.stuns.se\\\/wp-content\\\/uploads\\\/2016\\\/07\\\/energimyndigheten_logo-1.png\"},{\"@type\":\"BreadcrumbList\",\"@id\":\"https:\\\/\\\/energi.stuns.se\\\/projekt\\\/flex-o-mat\\\/teknik-for-effektreducering\\\/#breadcrumb\",\"itemListElement\":[{\"@type\":\"ListItem\",\"position\":1,\"name\":\"Projekt\",\"item\":\"https:\\\/\\\/energi.stuns.se\\\/projekt\\\/\"},{\"@type\":\"ListItem\",\"position\":2,\"name\":\"Flex-o-Mat\",\"item\":\"https:\\\/\\\/energi.stuns.se\\\/projekt\\\/flex-o-mat\\\/\"},{\"@type\":\"ListItem\",\"position\":3,\"name\":\"Teknik f\u00f6r effektreducering\"}]},{\"@type\":\"WebSite\",\"@id\":\"https:\\\/\\\/energi.stuns.se\\\/#website\",\"url\":\"https:\\\/\\\/energi.stuns.se\\\/\",\"name\":\"Stuns Energi\",\"description\":\"\",\"potentialAction\":[{\"@type\":\"SearchAction\",\"target\":{\"@type\":\"EntryPoint\",\"urlTemplate\":\"https:\\\/\\\/energi.stuns.se\\\/?s={search_term_string}\"},\"query-input\":{\"@type\":\"PropertyValueSpecification\",\"valueRequired\":true,\"valueName\":\"search_term_string\"}}],\"inLanguage\":\"en-GB\"}]}<\/script>\n<!-- \/ Yoast SEO plugin. -->","yoast_head_json":{"title":"Teknik f\u00f6r effektreducering - Stuns Energi","description":"Teknik f\u00f6r effektreducering. Under h\u00f6sten 2022 testas ett effekthanteringssystem fr\u00e5n Sicotronic i tre skolk\u00f6k i Uppsala.","robots":{"index":"index","follow":"follow","max-snippet":"max-snippet:-1","max-image-preview":"max-image-preview:large","max-video-preview":"max-video-preview:-1"},"canonical":"https:\/\/energi.stuns.se\/en\/projekt\/flex-o-mat\/teknik-for-effektreducering\/","og_locale":"en_GB","og_type":"article","og_title":"Teknik f\u00f6r effektreducering - Stuns Energi","og_description":"Teknik f\u00f6r effektreducering. Under h\u00f6sten 2022 testas ett effekthanteringssystem fr\u00e5n Sicotronic i tre skolk\u00f6k i Uppsala.","og_url":"https:\/\/energi.stuns.se\/en\/projekt\/flex-o-mat\/teknik-for-effektreducering\/","og_site_name":"Stuns Energi","article_modified_time":"2023-06-28T12:10:47+00:00","og_image":[{"url":"https:\/\/energi.stuns.se\/wp-content\/uploads\/2016\/07\/energimyndigheten_logo-1.png","type":"","width":"","height":""}],"twitter_card":"summary_large_image","twitter_misc":{"Estimated reading time":"2 minutes"},"schema":{"@context":"https:\/\/schema.org","@graph":[{"@type":"WebPage","@id":"https:\/\/energi.stuns.se\/projekt\/flex-o-mat\/teknik-for-effektreducering\/","url":"https:\/\/energi.stuns.se\/projekt\/flex-o-mat\/teknik-for-effektreducering\/","name":"Teknik f\u00f6r effektreducering - Stuns Energi","isPartOf":{"@id":"https:\/\/energi.stuns.se\/#website"},"primaryImageOfPage":{"@id":"https:\/\/energi.stuns.se\/projekt\/flex-o-mat\/teknik-for-effektreducering\/#primaryimage"},"image":{"@id":"https:\/\/energi.stuns.se\/projekt\/flex-o-mat\/teknik-for-effektreducering\/#primaryimage"},"thumbnailUrl":"https:\/\/energi.stuns.se\/wp-content\/uploads\/2016\/07\/energimyndigheten_logo-1.png","datePublished":"2022-09-20T14:44:56+00:00","dateModified":"2023-06-28T12:10:47+00:00","description":"Teknik f\u00f6r effektreducering. Under h\u00f6sten 2022 testas ett effekthanteringssystem fr\u00e5n Sicotronic i tre skolk\u00f6k i Uppsala.","breadcrumb":{"@id":"https:\/\/energi.stuns.se\/projekt\/flex-o-mat\/teknik-for-effektreducering\/#breadcrumb"},"inLanguage":"en-GB","potentialAction":[{"@type":"ReadAction","target":["https:\/\/energi.stuns.se\/projekt\/flex-o-mat\/teknik-for-effektreducering\/"]}]},{"@type":"ImageObject","inLanguage":"en-GB","@id":"https:\/\/energi.stuns.se\/projekt\/flex-o-mat\/teknik-for-effektreducering\/#primaryimage","url":"https:\/\/energi.stuns.se\/wp-content\/uploads\/2016\/07\/energimyndigheten_logo-1.png","contentUrl":"https:\/\/energi.stuns.se\/wp-content\/uploads\/2016\/07\/energimyndigheten_logo-1.png"},{"@type":"BreadcrumbList","@id":"https:\/\/energi.stuns.se\/projekt\/flex-o-mat\/teknik-for-effektreducering\/#breadcrumb","itemListElement":[{"@type":"ListItem","position":1,"name":"Projekt","item":"https:\/\/energi.stuns.se\/projekt\/"},{"@type":"ListItem","position":2,"name":"Flex-o-Mat","item":"https:\/\/energi.stuns.se\/projekt\/flex-o-mat\/"},{"@type":"ListItem","position":3,"name":"Teknik f\u00f6r effektreducering"}]},{"@type":"WebSite","@id":"https:\/\/energi.stuns.se\/#website","url":"https:\/\/energi.stuns.se\/","name":"Stuns Energi","description":"","potentialAction":[{"@type":"SearchAction","target":{"@type":"EntryPoint","urlTemplate":"https:\/\/energi.stuns.se\/?s={search_term_string}"},"query-input":{"@type":"PropertyValueSpecification","valueRequired":true,"valueName":"search_term_string"}}],"inLanguage":"en-GB"}]}},"_links":{"self":[{"href":"https:\/\/energi.stuns.se\/en\/wp-json\/wp\/v2\/pages\/1727","targetHints":{"allow":["GET"]}}],"collection":[{"href":"https:\/\/energi.stuns.se\/en\/wp-json\/wp\/v2\/pages"}],"about":[{"href":"https:\/\/energi.stuns.se\/en\/wp-json\/wp\/v2\/types\/page"}],"author":[{"embeddable":true,"href":"https:\/\/energi.stuns.se\/en\/wp-json\/wp\/v2\/users\/13"}],"replies":[{"embeddable":true,"href":"https:\/\/energi.stuns.se\/en\/wp-json\/wp\/v2\/comments?post=1727"}],"version-history":[{"count":12,"href":"https:\/\/energi.stuns.se\/en\/wp-json\/wp\/v2\/pages\/1727\/revisions"}],"predecessor-version":[{"id":2306,"href":"https:\/\/energi.stuns.se\/en\/wp-json\/wp\/v2\/pages\/1727\/revisions\/2306"}],"up":[{"embeddable":true,"href":"https:\/\/energi.stuns.se\/en\/wp-json\/wp\/v2\/pages\/1266"}],"wp:attachment":[{"href":"https:\/\/energi.stuns.se\/en\/wp-json\/wp\/v2\/media?parent=1727"}],"curies":[{"name":"wp","href":"https:\/\/api.w.org\/{rel}","templated":true}]}}