{"id":1715,"date":"2022-09-20T16:42:50","date_gmt":"2022-09-20T14:42:50","guid":{"rendered":"https:\/\/energi.stuns.se\/?page_id=1715"},"modified":"2023-06-27T16:12:53","modified_gmt":"2023-06-27T14:12:53","slug":"beteendeforandringar","status":"publish","type":"page","link":"https:\/\/energi.stuns.se\/en\/projekt\/flex-o-mat\/beteendeforandringar\/","title":{"rendered":"Beteendef\u00f6r\u00e4ndringar"},"content":{"rendered":"<div id=\"fws_69e394115daca\"  data-column-margin=\"default\" data-midnight=\"dark\"  class=\"wpb_row vc_row-fluid vc_row\"  style=\"padding-top: 0px; padding-bottom: 0px; \"><div class=\"row-bg-wrap\" data-bg-animation=\"none\" data-bg-animation-delay=\"\" data-bg-overlay=\"false\"><div class=\"inner-wrap row-bg-layer\" ><div class=\"row-bg viewport-desktop\"  style=\"\"><\/div><\/div><\/div><div class=\"row_col_wrap_12 col span_12 dark left\">\n\t<div  class=\"vc_col-sm-12 wpb_column column_container vc_column_container col no-extra-padding inherit_tablet inherit_phone\"  data-padding-pos=\"all\" data-has-bg-color=\"false\" data-bg-color=\"\" data-bg-opacity=\"1\" data-animation=\"\" data-delay=\"0\" >\n\t\t<div class=\"vc_column-inner\" >\n\t\t\t<div class=\"wpb_wrapper\">\n\t\t\t\t\n<div class=\"wpb_text_column wpb_content_element\" >\n\t<h1>Behavioral changes and changed operating modes<\/h1>\n<\/div>\n\n\n\n\n\t\t\t<\/div> \n\t\t<\/div>\n\t<\/div> \n<\/div><\/div>\n\t\t<div id=\"fws_69e394115e185\"  data-column-margin=\"default\" data-midnight=\"dark\"  class=\"wpb_row vc_row-fluid vc_row\"  style=\"padding-top: 0px; padding-bottom: 0px; \"><div class=\"row-bg-wrap\" data-bg-animation=\"none\" data-bg-animation-delay=\"\" data-bg-overlay=\"false\"><div class=\"inner-wrap row-bg-layer\" ><div class=\"row-bg viewport-desktop\"  style=\"\"><\/div><\/div><\/div><div class=\"row_col_wrap_12 col span_12 dark left\">\n\t<div  class=\"vc_col-sm-6 wpb_column column_container vc_column_container col no-extra-padding inherit_tablet inherit_phone\"  data-padding-pos=\"all\" data-has-bg-color=\"false\" data-bg-color=\"\" data-bg-opacity=\"1\" data-animation=\"\" data-delay=\"0\" >\n\t\t<div class=\"vc_column-inner\" >\n\t\t\t<div class=\"wpb_wrapper\">\n\t\t\t\t\n\t<div class=\"wpb_video_widget wpb_content_element vc_clearfix   vc_video-aspect-ratio-169 vc_video-el-width-100 vc_video-align-left\" >\n\t\t<div class=\"wpb_wrapper\">\n\t\t\t\n\t\t\t<div class=\"wpb_video_wrapper\"><iframe loading=\"lazy\" title=\"Flex-o-Mat Almedalen 2022\" width=\"500\" height=\"281\" src=\"https:\/\/www.youtube.com\/embed\/zZcH2znmTN0?feature=oembed\" frameborder=\"0\" allow=\"accelerometer; autoplay; clipboard-write; encrypted-media; gyroscope; picture-in-picture; web-share\" referrerpolicy=\"strict-origin-when-cross-origin\" allowfullscreen><\/iframe><\/div>\n\t\t<\/div>\n\t<\/div>\n\n\t\t\t<\/div> \n\t\t<\/div>\n\t<\/div> \n\n\t<div  class=\"vc_col-sm-6 wpb_column column_container vc_column_container col no-extra-padding inherit_tablet inherit_phone\"  data-padding-pos=\"all\" data-has-bg-color=\"false\" data-bg-color=\"\" data-bg-opacity=\"1\" data-animation=\"\" data-delay=\"0\" >\n\t\t<div class=\"vc_column-inner\" >\n\t\t\t<div class=\"wpb_wrapper\">\n\t\t\t\t\n<div class=\"wpb_text_column wpb_content_element\" >\n\t<h2>Film - peak shaving in school kitchens<\/h2>\n<p>In this film, we tell you more about why peak shaving is important and how the cooperation between STUNS Energi, M\u00e5ltidsservice and Skolfastigheter shows an example of how it is possible to reduce power peaks through behavioral changes and changed operation modes.<\/p>\n<p>The film was shown during Almedalen 2022, where the projects Flex-o-Mat and Live-in Smartgrid organized the seminar \"Over-dimensioning the electricity grid or using the electricity grid's infrastructure smarter, the school kitchen shows the way\" at the Sustainability Arena.<\/p>\n<\/div>\n\n\n\n\n\t\t\t<\/div> \n\t\t<\/div>\n\t<\/div> \n<\/div><\/div>\n\t\t<div id=\"fws_69e394115ec12\"  data-column-margin=\"default\" data-midnight=\"dark\"  class=\"wpb_row vc_row-fluid vc_row\"  style=\"padding-top: 0px; padding-bottom: 0px; \"><div class=\"row-bg-wrap\" data-bg-animation=\"none\" data-bg-animation-delay=\"\" data-bg-overlay=\"false\"><div class=\"inner-wrap row-bg-layer\" ><div class=\"row-bg viewport-desktop\"  style=\"\"><\/div><\/div><\/div><div class=\"row_col_wrap_12 col span_12 dark left\">\n\t<div  class=\"vc_col-sm-12 wpb_column column_container vc_column_container col no-extra-padding inherit_tablet inherit_phone\"  data-padding-pos=\"all\" data-has-bg-color=\"false\" data-bg-color=\"\" data-bg-opacity=\"1\" data-animation=\"\" data-delay=\"0\" >\n\t\t<div class=\"vc_column-inner\" >\n\t\t\t<div class=\"wpb_wrapper\">\n\t\t\t\t\n<div class=\"wpb_text_column wpb_content_element\" >\n\t<h2>What are the impacts of changed operating mode and behavioral changes?<\/h2>\n<p>The kitchen staff have been given a choice of operating modes to test. The most popular has been to start and stop the different kitchen appliances in sequences. Using the kitchen appliances in sequences is about coordinating and spreading out their power consumption over time. For example, it may involve not starting the dishwasher at the same time as the ovens. The already existing setting \"Reduced power\" has also been used on the ovens. Ovens are the most power demanding equipment in kitchens as they produce short and high peaks.<\/p>\n<p>The results of the tests are that it helps to reduce the power use when cooking. The behavioural changes have also created awareness and commitment among kitchen staff.<\/p>\n<\/div>\n\n\n\n<a class=\"nectar-button small regular accent-color  regular-button\"  role=\"button\" style=\"\"  href=\"https:\/\/energi.stuns.se\/wp-content\/uploads\/2022\/11\/Lathund-effektsmart-beteende-i-storkok.pdf\" data-color-override=\"false\" data-hover-color-override=\"false\" data-hover-text-color-override=\"#fff\"><span>Here is a cheat sheet for energy-smart behavior in commercial kitchens<\/span><\/a>\n\t\t\t<\/div> \n\t\t<\/div>\n\t<\/div> \n<\/div><\/div>\n\t\t<div id=\"fws_69e394115efdc\"  data-column-margin=\"default\" data-midnight=\"dark\"  class=\"wpb_row vc_row-fluid vc_row\"  style=\"padding-top: 0px; padding-bottom: 0px; \"><div class=\"row-bg-wrap\" data-bg-animation=\"none\" data-bg-animation-delay=\"\" data-bg-overlay=\"false\"><div class=\"inner-wrap row-bg-layer\" ><div class=\"row-bg viewport-desktop\"  style=\"\"><\/div><\/div><\/div><div class=\"row_col_wrap_12 col span_12 dark left\">\n\t<div  class=\"vc_col-sm-12 wpb_column column_container vc_column_container col no-extra-padding inherit_tablet inherit_phone\"  data-padding-pos=\"all\" data-has-bg-color=\"false\" data-bg-color=\"\" data-bg-opacity=\"1\" data-animation=\"\" data-delay=\"0\" >\n\t\t<div class=\"vc_column-inner\" >\n\t\t\t<div class=\"wpb_wrapper\">\n\t\t\t\t\n<div class=\"wpb_text_column wpb_content_element\" >\n\t<h2>Here you will find the setting \"Reduced power\"<\/h2>\n<p>Did you know that it is possible to cook on reduced power by using already existing functions on the ovens? Here you will find the settings for ovens used in commercial kitchens.<\/p>\n<\/div>\n\n\n\n<div id=\"fws_69e394115f2f9\" data-midnight=\"\" data-column-margin=\"default\" class=\"wpb_row vc_row-fluid vc_row inner_row\"  style=\"\"><div class=\"row-bg-wrap\"> <div class=\"row-bg\" ><\/div> <\/div><div class=\"row_col_wrap_12_inner col span_12  left\">\n\t<div  class=\"vc_col-sm-6 wpb_column column_container vc_column_container col child_column no-extra-padding inherit_tablet inherit_phone\"   data-padding-pos=\"all\" data-has-bg-color=\"false\" data-bg-color=\"\" data-bg-opacity=\"1\" data-animation=\"\" data-delay=\"0\" >\n\t\t<div class=\"vc_column-inner\" >\n\t\t<div class=\"wpb_wrapper\">\n\t\t\t\n<div class=\"wpb_text_column wpb_content_element\" >\n\t<p>Here you will find Reduced power on Rational's ovens:<\/p>\n<\/div>\n\n\n\n<div class=\"img-with-aniamtion-wrap\" data-max-width=\"75%\" data-max-width-mobile=\"default\" data-shadow=\"none\" data-animation=\"fade-in\" >\n      <div class=\"inner\">\n        <div class=\"hover-wrap\"> \n          <div class=\"hover-wrap-inner\">\n            <img decoding=\"async\" class=\"img-with-animation skip-lazy\" data-delay=\"0\" height=\"577\" width=\"494\" data-animation=\"fade-in\" src=\"https:\/\/energi.stuns.se\/wp-content\/uploads\/2022\/09\/Rational-reducerad-effekt-hemsida.jpg\" alt=\"\" srcset=\"https:\/\/energi.stuns.se\/wp-content\/uploads\/2022\/09\/Rational-reducerad-effekt-hemsida.jpg 494w, https:\/\/energi.stuns.se\/wp-content\/uploads\/2022\/09\/Rational-reducerad-effekt-hemsida-257x300.jpg 257w, https:\/\/energi.stuns.se\/wp-content\/uploads\/2022\/09\/Rational-reducerad-effekt-hemsida-10x12.jpg 10w\" sizes=\"(max-width: 494px) 100vw, 494px\" \/>\n          <\/div>\n        <\/div>\n        \n      <\/div>\n    <\/div>\n\t\t<\/div> \n\t<\/div>\n\t<\/div> \n\n\t<div  class=\"vc_col-sm-6 wpb_column column_container vc_column_container col child_column no-extra-padding inherit_tablet inherit_phone\"   data-padding-pos=\"all\" data-has-bg-color=\"false\" data-bg-color=\"\" data-bg-opacity=\"1\" data-animation=\"\" data-delay=\"0\" >\n\t\t<div class=\"vc_column-inner\" >\n\t\t<div class=\"wpb_wrapper\">\n\t\t\t\n<div class=\"wpb_text_column wpb_content_element\" >\n\t<p>Here you will find Reduced power on Electrolux ovens:<\/p>\n<\/div>\n\n\n\n<div class=\"img-with-aniamtion-wrap\" data-max-width=\"75%\" data-max-width-mobile=\"default\" data-shadow=\"none\" data-animation=\"fade-in\" >\n      <div class=\"inner\">\n        <div class=\"hover-wrap\"> \n          <div class=\"hover-wrap-inner\">\n            <img decoding=\"async\" class=\"img-with-animation skip-lazy\" data-delay=\"0\" height=\"828\" width=\"621\" data-animation=\"fade-in\" src=\"https:\/\/energi.stuns.se\/wp-content\/uploads\/2022\/09\/Electrolux-reducerad-effekt-hemsida.jpg\" alt=\"\" srcset=\"https:\/\/energi.stuns.se\/wp-content\/uploads\/2022\/09\/Electrolux-reducerad-effekt-hemsida.jpg 621w, https:\/\/energi.stuns.se\/wp-content\/uploads\/2022\/09\/Electrolux-reducerad-effekt-hemsida-225x300.jpg 225w, https:\/\/energi.stuns.se\/wp-content\/uploads\/2022\/09\/Electrolux-reducerad-effekt-hemsida-9x12.jpg 9w\" sizes=\"(max-width: 621px) 100vw, 621px\" \/>\n          <\/div>\n        <\/div>\n        \n      <\/div>\n    <\/div>\n\t\t<\/div> \n\t<\/div>\n\t<\/div> \n<\/div><\/div><div id=\"fws_69e39411603de\" data-midnight=\"\" data-column-margin=\"default\" class=\"wpb_row vc_row-fluid vc_row inner_row\"  style=\"\"><div class=\"row-bg-wrap\"> <div class=\"row-bg\" ><\/div> <\/div><div class=\"row_col_wrap_12_inner col span_12  left\">\n\t<div  class=\"vc_col-sm-6 wpb_column column_container vc_column_container col child_column no-extra-padding inherit_tablet inherit_phone\"   data-padding-pos=\"all\" data-has-bg-color=\"false\" data-bg-color=\"\" data-bg-opacity=\"1\" data-animation=\"\" data-delay=\"0\" >\n\t\t<div class=\"vc_column-inner\" >\n\t\t<div class=\"wpb_wrapper\">\n\t\t\t\n<div class=\"wpb_text_column wpb_content_element\" >\n\t<p>Here you will find Reduced power on older ovens from Electrolux:<\/p>\n<\/div>\n\n\n\n<div class=\"img-with-aniamtion-wrap\" data-max-width=\"75%\" data-max-width-mobile=\"default\" data-shadow=\"none\" data-animation=\"fade-in\" >\n      <div class=\"inner\">\n        <div class=\"hover-wrap\"> \n          <div class=\"hover-wrap-inner\">\n            <img decoding=\"async\" class=\"img-with-animation skip-lazy\" data-delay=\"0\" height=\"2560\" width=\"1920\" data-animation=\"fade-in\" src=\"https:\/\/energi.stuns.se\/wp-content\/uploads\/2022\/09\/aldre-koksskarm1.jpg\" alt=\"\" srcset=\"https:\/\/energi.stuns.se\/wp-content\/uploads\/2022\/09\/aldre-koksskarm1.jpg 1920w, https:\/\/energi.stuns.se\/wp-content\/uploads\/2022\/09\/aldre-koksskarm1-225x300.jpg 225w, https:\/\/energi.stuns.se\/wp-content\/uploads\/2022\/09\/aldre-koksskarm1-768x1024.jpg 768w, https:\/\/energi.stuns.se\/wp-content\/uploads\/2022\/09\/aldre-koksskarm1-1152x1536.jpg 1152w, https:\/\/energi.stuns.se\/wp-content\/uploads\/2022\/09\/aldre-koksskarm1-1536x2048.jpg 1536w, https:\/\/energi.stuns.se\/wp-content\/uploads\/2022\/09\/aldre-koksskarm1-9x12.jpg 9w\" sizes=\"(max-width: 1920px) 100vw, 1920px\" \/>\n          <\/div>\n        <\/div>\n        \n      <\/div>\n    <\/div>\n\t\t<\/div> \n\t<\/div>\n\t<\/div> \n\n\t<div  class=\"vc_col-sm-6 wpb_column column_container vc_column_container col child_column no-extra-padding inherit_tablet inherit_phone\"   data-padding-pos=\"all\" data-has-bg-color=\"false\" data-bg-color=\"\" data-bg-opacity=\"1\" data-animation=\"\" data-delay=\"0\" >\n\t\t<div class=\"vc_column-inner\" >\n\t\t<div class=\"wpb_wrapper\">\n\t\t\t\n\t\t<\/div> \n\t<\/div>\n\t<\/div> \n<\/div><\/div>\n\t\t\t<\/div> \n\t\t<\/div>\n\t<\/div> \n<\/div><\/div>\n\t\t<div id=\"fws_69e3941160d6e\"  data-column-margin=\"default\" data-midnight=\"dark\"  class=\"wpb_row vc_row-fluid vc_row\"  style=\"padding-top: 0px; padding-bottom: 0px; \"><div class=\"row-bg-wrap\" data-bg-animation=\"none\" data-bg-animation-delay=\"\" data-bg-overlay=\"false\"><div class=\"inner-wrap row-bg-layer\" ><div class=\"row-bg viewport-desktop\"  style=\"\"><\/div><\/div><\/div><div class=\"row_col_wrap_12 col span_12 dark left\">\n\t<div  class=\"vc_col-sm-12 wpb_column column_container vc_column_container col no-extra-padding inherit_tablet inherit_phone\"  data-padding-pos=\"all\" data-has-bg-color=\"false\" data-bg-color=\"\" data-bg-opacity=\"1\" data-animation=\"\" data-delay=\"0\" >\n\t\t<div class=\"vc_column-inner\" >\n\t\t\t<div class=\"wpb_wrapper\">\n\t\t\t\t\n<div class=\"wpb_text_column wpb_content_element\" >\n\t<h3 style=\"text-align: left;\"><strong>For further questions or if you want to learn more:\u00a0<\/strong><\/h3>\n<p style=\"text-align: left;\"><span data-contrast=\"none\">Information about the project,<\/span><span data-contrast=\"none\"> contact Fredrik Bj\u00f6rklund: <\/span><a href=\"mailto:fredrik.bjorklund@stuns.se\"><span data-contrast=\"none\">fredrik.bjorklund@stuns.se<\/span><\/a><span data-contrast=\"none\">.<\/span><\/p>\n<p>Questions to M\u00e5ltidsservice, contact Sandra Harbom: <a href=\"mailto:sandra.harbom@uppsala.se\">sandra.harbom@uppsala.se.<\/a><\/p>\n<p style=\"text-align: left;\"><span data-contrast=\"none\">The project is runned by STUNS Energi in cooperation with Skolfastigheter, M\u00e5ltidsservice in Uppsala municipality and CIT Energy Management. The project is funded by the Swedish Energy Agency.\u00a0<\/span><\/p>\n<p><img decoding=\"async\" class=\"alignnone size-full wp-image-190\" src=\"https:\/\/energi.stuns.se\/wp-content\/uploads\/2016\/07\/energimyndigheten_logo-1.png\" alt=\"\" width=\"270\" height=\"126\" \/><\/p>\n<\/div>\n\n\n\n\n\t\t\t<\/div> \n\t\t<\/div>\n\t<\/div> \n<\/div><\/div>","protected":false},"excerpt":{"rendered":"Beteendef\u00f6r\u00e4ndringar och \u00e4ndrat k\u00f6rs\u00e4tt Film - effektutj\u00e4mning i skolk\u00f6k I den h\u00e4r filmen ber\u00e4ttar vi mer om varf\u00f6r effektutj\u00e4mning \u00e4r viktigt och hur samverkan mellan STUNS Energi, M\u00e5ltidsservice och Skolfastigheter...","protected":false},"author":13,"featured_media":0,"parent":1266,"menu_order":0,"comment_status":"closed","ping_status":"closed","template":"","meta":{"footnotes":""},"class_list":["post-1715","page","type-page","status-publish"],"yoast_head":"<!-- This site is optimized with the Yoast SEO plugin v27.4 - https:\/\/yoast.com\/product\/yoast-seo-wordpress\/ -->\n<title>Beteendef\u00f6r\u00e4ndringar - Stuns Energi<\/title>\n<meta name=\"description\" content=\"Beteendef\u00f6r\u00e4ndringar och \u00e4ndrat k\u00f6rs\u00e4tt \u00e4r ett s\u00e4tt att minska effekttoppar i stork\u00f6k inom projektet Flex-o-Mat.\" \/>\n<meta name=\"robots\" content=\"index, follow, max-snippet:-1, max-image-preview:large, max-video-preview:-1\" \/>\n<link rel=\"canonical\" href=\"https:\/\/energi.stuns.se\/en\/projekt\/flex-o-mat\/beteendeforandringar\/\" \/>\n<meta property=\"og:locale\" content=\"en_GB\" \/>\n<meta property=\"og:type\" content=\"article\" \/>\n<meta property=\"og:title\" content=\"Beteendef\u00f6r\u00e4ndringar - Stuns Energi\" \/>\n<meta property=\"og:description\" content=\"Beteendef\u00f6r\u00e4ndringar och \u00e4ndrat k\u00f6rs\u00e4tt \u00e4r ett s\u00e4tt att minska effekttoppar i stork\u00f6k inom projektet Flex-o-Mat.\" \/>\n<meta property=\"og:url\" content=\"https:\/\/energi.stuns.se\/en\/projekt\/flex-o-mat\/beteendeforandringar\/\" \/>\n<meta property=\"og:site_name\" content=\"Stuns Energi\" \/>\n<meta property=\"article:modified_time\" content=\"2023-06-27T14:12:53+00:00\" \/>\n<meta property=\"og:image\" content=\"https:\/\/energi.stuns.se\/wp-content\/uploads\/2016\/07\/energimyndigheten_logo-1.png\" \/>\n<meta name=\"twitter:card\" content=\"summary_large_image\" \/>\n<meta name=\"twitter:label1\" content=\"Estimated reading time\" \/>\n\t<meta name=\"twitter:data1\" content=\"3 minutes\" \/>\n<script type=\"application\/ld+json\" class=\"yoast-schema-graph\">{\"@context\":\"https:\\\/\\\/schema.org\",\"@graph\":[{\"@type\":\"WebPage\",\"@id\":\"https:\\\/\\\/energi.stuns.se\\\/projekt\\\/flex-o-mat\\\/beteendeforandringar\\\/\",\"url\":\"https:\\\/\\\/energi.stuns.se\\\/projekt\\\/flex-o-mat\\\/beteendeforandringar\\\/\",\"name\":\"Beteendef\u00f6r\u00e4ndringar - Stuns Energi\",\"isPartOf\":{\"@id\":\"https:\\\/\\\/energi.stuns.se\\\/#website\"},\"primaryImageOfPage\":{\"@id\":\"https:\\\/\\\/energi.stuns.se\\\/projekt\\\/flex-o-mat\\\/beteendeforandringar\\\/#primaryimage\"},\"image\":{\"@id\":\"https:\\\/\\\/energi.stuns.se\\\/projekt\\\/flex-o-mat\\\/beteendeforandringar\\\/#primaryimage\"},\"thumbnailUrl\":\"https:\\\/\\\/energi.stuns.se\\\/wp-content\\\/uploads\\\/2016\\\/07\\\/energimyndigheten_logo-1.png\",\"datePublished\":\"2022-09-20T14:42:50+00:00\",\"dateModified\":\"2023-06-27T14:12:53+00:00\",\"description\":\"Beteendef\u00f6r\u00e4ndringar och \u00e4ndrat k\u00f6rs\u00e4tt \u00e4r ett s\u00e4tt att minska effekttoppar i stork\u00f6k inom projektet Flex-o-Mat.\",\"breadcrumb\":{\"@id\":\"https:\\\/\\\/energi.stuns.se\\\/projekt\\\/flex-o-mat\\\/beteendeforandringar\\\/#breadcrumb\"},\"inLanguage\":\"en-GB\",\"potentialAction\":[{\"@type\":\"ReadAction\",\"target\":[\"https:\\\/\\\/energi.stuns.se\\\/projekt\\\/flex-o-mat\\\/beteendeforandringar\\\/\"]}]},{\"@type\":\"ImageObject\",\"inLanguage\":\"en-GB\",\"@id\":\"https:\\\/\\\/energi.stuns.se\\\/projekt\\\/flex-o-mat\\\/beteendeforandringar\\\/#primaryimage\",\"url\":\"https:\\\/\\\/energi.stuns.se\\\/wp-content\\\/uploads\\\/2016\\\/07\\\/energimyndigheten_logo-1.png\",\"contentUrl\":\"https:\\\/\\\/energi.stuns.se\\\/wp-content\\\/uploads\\\/2016\\\/07\\\/energimyndigheten_logo-1.png\"},{\"@type\":\"BreadcrumbList\",\"@id\":\"https:\\\/\\\/energi.stuns.se\\\/projekt\\\/flex-o-mat\\\/beteendeforandringar\\\/#breadcrumb\",\"itemListElement\":[{\"@type\":\"ListItem\",\"position\":1,\"name\":\"Projekt\",\"item\":\"https:\\\/\\\/energi.stuns.se\\\/projekt\\\/\"},{\"@type\":\"ListItem\",\"position\":2,\"name\":\"Flex-o-Mat\",\"item\":\"https:\\\/\\\/energi.stuns.se\\\/projekt\\\/flex-o-mat\\\/\"},{\"@type\":\"ListItem\",\"position\":3,\"name\":\"Beteendef\u00f6r\u00e4ndringar\"}]},{\"@type\":\"WebSite\",\"@id\":\"https:\\\/\\\/energi.stuns.se\\\/#website\",\"url\":\"https:\\\/\\\/energi.stuns.se\\\/\",\"name\":\"Stuns Energi\",\"description\":\"\",\"potentialAction\":[{\"@type\":\"SearchAction\",\"target\":{\"@type\":\"EntryPoint\",\"urlTemplate\":\"https:\\\/\\\/energi.stuns.se\\\/?s={search_term_string}\"},\"query-input\":{\"@type\":\"PropertyValueSpecification\",\"valueRequired\":true,\"valueName\":\"search_term_string\"}}],\"inLanguage\":\"en-GB\"}]}<\/script>\n<!-- \/ Yoast SEO plugin. -->","yoast_head_json":{"title":"Beteendef\u00f6r\u00e4ndringar - Stuns Energi","description":"Beteendef\u00f6r\u00e4ndringar och \u00e4ndrat k\u00f6rs\u00e4tt \u00e4r ett s\u00e4tt att minska effekttoppar i stork\u00f6k inom projektet Flex-o-Mat.","robots":{"index":"index","follow":"follow","max-snippet":"max-snippet:-1","max-image-preview":"max-image-preview:large","max-video-preview":"max-video-preview:-1"},"canonical":"https:\/\/energi.stuns.se\/en\/projekt\/flex-o-mat\/beteendeforandringar\/","og_locale":"en_GB","og_type":"article","og_title":"Beteendef\u00f6r\u00e4ndringar - Stuns Energi","og_description":"Beteendef\u00f6r\u00e4ndringar och \u00e4ndrat k\u00f6rs\u00e4tt \u00e4r ett s\u00e4tt att minska effekttoppar i stork\u00f6k inom projektet Flex-o-Mat.","og_url":"https:\/\/energi.stuns.se\/en\/projekt\/flex-o-mat\/beteendeforandringar\/","og_site_name":"Stuns Energi","article_modified_time":"2023-06-27T14:12:53+00:00","og_image":[{"url":"https:\/\/energi.stuns.se\/wp-content\/uploads\/2016\/07\/energimyndigheten_logo-1.png","type":"","width":"","height":""}],"twitter_card":"summary_large_image","twitter_misc":{"Estimated reading time":"3 minutes"},"schema":{"@context":"https:\/\/schema.org","@graph":[{"@type":"WebPage","@id":"https:\/\/energi.stuns.se\/projekt\/flex-o-mat\/beteendeforandringar\/","url":"https:\/\/energi.stuns.se\/projekt\/flex-o-mat\/beteendeforandringar\/","name":"Beteendef\u00f6r\u00e4ndringar - Stuns Energi","isPartOf":{"@id":"https:\/\/energi.stuns.se\/#website"},"primaryImageOfPage":{"@id":"https:\/\/energi.stuns.se\/projekt\/flex-o-mat\/beteendeforandringar\/#primaryimage"},"image":{"@id":"https:\/\/energi.stuns.se\/projekt\/flex-o-mat\/beteendeforandringar\/#primaryimage"},"thumbnailUrl":"https:\/\/energi.stuns.se\/wp-content\/uploads\/2016\/07\/energimyndigheten_logo-1.png","datePublished":"2022-09-20T14:42:50+00:00","dateModified":"2023-06-27T14:12:53+00:00","description":"Beteendef\u00f6r\u00e4ndringar och \u00e4ndrat k\u00f6rs\u00e4tt \u00e4r ett s\u00e4tt att minska effekttoppar i stork\u00f6k inom projektet Flex-o-Mat.","breadcrumb":{"@id":"https:\/\/energi.stuns.se\/projekt\/flex-o-mat\/beteendeforandringar\/#breadcrumb"},"inLanguage":"en-GB","potentialAction":[{"@type":"ReadAction","target":["https:\/\/energi.stuns.se\/projekt\/flex-o-mat\/beteendeforandringar\/"]}]},{"@type":"ImageObject","inLanguage":"en-GB","@id":"https:\/\/energi.stuns.se\/projekt\/flex-o-mat\/beteendeforandringar\/#primaryimage","url":"https:\/\/energi.stuns.se\/wp-content\/uploads\/2016\/07\/energimyndigheten_logo-1.png","contentUrl":"https:\/\/energi.stuns.se\/wp-content\/uploads\/2016\/07\/energimyndigheten_logo-1.png"},{"@type":"BreadcrumbList","@id":"https:\/\/energi.stuns.se\/projekt\/flex-o-mat\/beteendeforandringar\/#breadcrumb","itemListElement":[{"@type":"ListItem","position":1,"name":"Projekt","item":"https:\/\/energi.stuns.se\/projekt\/"},{"@type":"ListItem","position":2,"name":"Flex-o-Mat","item":"https:\/\/energi.stuns.se\/projekt\/flex-o-mat\/"},{"@type":"ListItem","position":3,"name":"Beteendef\u00f6r\u00e4ndringar"}]},{"@type":"WebSite","@id":"https:\/\/energi.stuns.se\/#website","url":"https:\/\/energi.stuns.se\/","name":"Stuns Energi","description":"","potentialAction":[{"@type":"SearchAction","target":{"@type":"EntryPoint","urlTemplate":"https:\/\/energi.stuns.se\/?s={search_term_string}"},"query-input":{"@type":"PropertyValueSpecification","valueRequired":true,"valueName":"search_term_string"}}],"inLanguage":"en-GB"}]}},"_links":{"self":[{"href":"https:\/\/energi.stuns.se\/en\/wp-json\/wp\/v2\/pages\/1715","targetHints":{"allow":["GET"]}}],"collection":[{"href":"https:\/\/energi.stuns.se\/en\/wp-json\/wp\/v2\/pages"}],"about":[{"href":"https:\/\/energi.stuns.se\/en\/wp-json\/wp\/v2\/types\/page"}],"author":[{"embeddable":true,"href":"https:\/\/energi.stuns.se\/en\/wp-json\/wp\/v2\/users\/13"}],"replies":[{"embeddable":true,"href":"https:\/\/energi.stuns.se\/en\/wp-json\/wp\/v2\/comments?post=1715"}],"version-history":[{"count":28,"href":"https:\/\/energi.stuns.se\/en\/wp-json\/wp\/v2\/pages\/1715\/revisions"}],"predecessor-version":[{"id":2299,"href":"https:\/\/energi.stuns.se\/en\/wp-json\/wp\/v2\/pages\/1715\/revisions\/2299"}],"up":[{"embeddable":true,"href":"https:\/\/energi.stuns.se\/en\/wp-json\/wp\/v2\/pages\/1266"}],"wp:attachment":[{"href":"https:\/\/energi.stuns.se\/en\/wp-json\/wp\/v2\/media?parent=1715"}],"curies":[{"name":"wp","href":"https:\/\/api.w.org\/{rel}","templated":true}]}}