{"id":1473,"date":"2022-06-28T13:05:12","date_gmt":"2022-06-28T11:05:12","guid":{"rendered":"https:\/\/energi.stuns.se\/?page_id=1473"},"modified":"2025-12-15T17:41:44","modified_gmt":"2025-12-15T15:41:44","slug":"senaste-hos-oss","status":"publish","type":"page","link":"https:\/\/energi.stuns.se\/en\/senaste-hos-oss\/","title":{"rendered":"Aktuellt"},"content":{"rendered":"<div id=\"fws_69e38f2481c3a\"  data-column-margin=\"default\" data-midnight=\"dark\"  class=\"wpb_row vc_row-fluid vc_row\"  style=\"padding-top: 0px; padding-bottom: 0px; \"><div class=\"row-bg-wrap\" data-bg-animation=\"none\" data-bg-animation-delay=\"\" data-bg-overlay=\"false\"><div class=\"inner-wrap row-bg-layer\" ><div class=\"row-bg viewport-desktop\"  style=\"\"><\/div><\/div><\/div><div class=\"row_col_wrap_12 col span_12 dark left\">\n\t<div  class=\"vc_col-sm-12 wpb_column column_container vc_column_container col padding-5-percent inherit_tablet inherit_phone flex_gap_desktop_10px\"  data-padding-pos=\"left\" data-has-bg-color=\"false\" data-bg-color=\"\" data-bg-opacity=\"1\" data-animation=\"\" data-delay=\"0\" >\n\t\t<div class=\"vc_column-inner\" >\n\t\t\t<div class=\"wpb_wrapper\">\n\t\t\t\t\n<div class=\"wpb_text_column wpb_content_element  vc_custom_1730715694619\" >\n\t<h1 style=\"text-align: left;\">Senaste fr\u00e5n STUNS Energi<\/h1>\n<\/div>\n\n\n\n\n\t\t\t<\/div> \n\t\t<\/div>\n\t<\/div> \n<\/div><\/div>\n\t\t<div id=\"fws_69e38f24823a1\"  data-column-margin=\"default\" data-midnight=\"dark\"  class=\"wpb_row vc_row-fluid vc_row\"  style=\"padding-top: 0px; padding-bottom: 0px; \"><div class=\"row-bg-wrap\" data-bg-animation=\"none\" data-bg-animation-delay=\"\" data-bg-overlay=\"false\"><div class=\"inner-wrap row-bg-layer\" ><div class=\"row-bg viewport-desktop\"  style=\"\"><\/div><\/div><\/div><div class=\"row_col_wrap_12 col span_12 dark left\">\n\t<div  class=\"vc_col-sm-12 wpb_column column_container vc_column_container col padding-5-percent inherit_tablet inherit_phone flex_gap_desktop_10px\"  data-padding-pos=\"all\" data-has-bg-color=\"false\" data-bg-color=\"\" data-bg-opacity=\"1\" data-animation=\"\" data-delay=\"0\" >\n\t\t<div class=\"vc_column-inner\" >\n\t\t\t<div class=\"wpb_wrapper\">\n\t\t\t\t\n    <div class=\"row blog-recent columns-3\" data-style=\"list_featured_first_row\" data-color-scheme=\"light\" data-remove-post-date=\"\" data-remove-post-author=\"1\" data-remove-post-comment-number=\"1\" data-remove-post-nectar-love=\"1\">\n\n      \n      <div class=\"col span_4 post-3357 post type-post status-publish format-standard has-post-thumbnail category-projekt\" >\n\n        \n            <a class=\"full-post-link\" href=\"https:\/\/energi.stuns.se\/en\/morgongava-foretagspark\/\" aria-label=\"Energidelning i Morgong\u00e5va\"><\/a><a class=\"featured\" aria-label=\"Energidelning i Morgong\u00e5va\" href=\"https:\/\/energi.stuns.se\/en\/morgongava-foretagspark\/\"><span class=\"img-thumbnail\"><img decoding=\"async\" width=\"600\" height=\"403\" src=\"https:\/\/energi.stuns.se\/wp-content\/uploads\/2026\/04\/morgongava-e1775651831800-600x403.jpg\" class=\"attachment-portfolio-thumb size-portfolio-thumb wp-post-image\" alt=\"\" title=\"\" srcset=\"https:\/\/energi.stuns.se\/wp-content\/uploads\/2026\/04\/morgongava-e1775651831800-600x403.jpg 600w, https:\/\/energi.stuns.se\/wp-content\/uploads\/2026\/04\/morgongava-e1775651831800-300x201.jpg 300w, https:\/\/energi.stuns.se\/wp-content\/uploads\/2026\/04\/morgongava-e1775651831800-18x12.jpg 18w, https:\/\/energi.stuns.se\/wp-content\/uploads\/2026\/04\/morgongava-e1775651831800-400x269.jpg 400w, https:\/\/energi.stuns.se\/wp-content\/uploads\/2026\/04\/morgongava-e1775651831800.jpg 660w\" sizes=\"(max-width: 600px) 100vw, 600px\" \/><\/span><\/a>            <div class=\"post-header featured\">\n              <span class=\"meta-category\"><a class=\"projekt\" href=\"https:\/\/energi.stuns.se\/en\/category\/projekt\/\">Project<\/a><\/span>              <h3>Energidelning i Morgong\u00e5va<\/h3>            <\/div><!--\/post-header-->\n\n            <div class=\"excerpt\">Morgong\u00e5va visar v\u00e4gen f\u00f6r framtidens energisystem I Morgong\u00e5va driver STUNS \u2013 tillsammans med Morgong\u00e5va F\u00f6retagspark,&hellip;<\/div>\n      <\/div><!--\/col-->\n\n      \n      <div class=\"col span_4 post-3287 post type-post status-publish format-standard has-post-thumbnail category-event\" >\n\n        \n            <a class=\"full-post-link\" href=\"https:\/\/energi.stuns.se\/en\/fran-ide-till-impact\/\" aria-label=\"STUNS H\u00e5llbarhetsdag\"><\/a><a class=\"featured\" aria-label=\"STUNS H\u00e5llbarhetsdag\" href=\"https:\/\/energi.stuns.se\/en\/fran-ide-till-impact\/\"><span class=\"img-thumbnail\"><img decoding=\"async\" width=\"600\" height=\"403\" src=\"https:\/\/energi.stuns.se\/wp-content\/uploads\/2026\/02\/bild2_1700px_bred-600x403.jpg\" class=\"attachment-portfolio-thumb size-portfolio-thumb wp-post-image\" alt=\"\" title=\"\" srcset=\"https:\/\/energi.stuns.se\/wp-content\/uploads\/2026\/02\/bild2_1700px_bred-600x403.jpg 600w, https:\/\/energi.stuns.se\/wp-content\/uploads\/2026\/02\/bild2_1700px_bred-18x12.jpg 18w, https:\/\/energi.stuns.se\/wp-content\/uploads\/2026\/02\/bild2_1700px_bred-900x604.jpg 900w, https:\/\/energi.stuns.se\/wp-content\/uploads\/2026\/02\/bild2_1700px_bred-400x269.jpg 400w\" sizes=\"(max-width: 600px) 100vw, 600px\" \/><\/span><\/a>            <div class=\"post-header featured\">\n              <span class=\"meta-category\"><a class=\"event\" href=\"https:\/\/energi.stuns.se\/en\/category\/event\/\">Event<\/a><\/span>              <h3>STUNS H\u00e5llbarhetsdag<\/h3>            <\/div><!--\/post-header-->\n\n            <div class=\"excerpt\">STUNS H\u00e5llbarhetsdag - Fr\u00e5n id\u00e9 till verklighetHur testar och utvecklar vi innovationer tillsammans i praktiken?Den&hellip;<\/div>\n      <\/div><!--\/col-->\n\n      \n      <div class=\"col span_4 post-3272 post type-post status-publish format-standard has-post-thumbnail category-event\" >\n\n        \n            <a class=\"full-post-link\" href=\"https:\/\/energi.stuns.se\/en\/energy-pub\/\" aria-label=\"Energy PUB\"><\/a><a class=\"featured\" aria-label=\"Energy PUB\" href=\"https:\/\/energi.stuns.se\/en\/energy-pub\/\"><span class=\"img-thumbnail\"><img decoding=\"async\" width=\"600\" height=\"403\" src=\"https:\/\/energi.stuns.se\/wp-content\/uploads\/2026\/01\/Energy-PUB-2026-hemsida_Rityta-1-02-600x403.png\" class=\"attachment-portfolio-thumb size-portfolio-thumb wp-post-image\" alt=\"\" title=\"\" srcset=\"https:\/\/energi.stuns.se\/wp-content\/uploads\/2026\/01\/Energy-PUB-2026-hemsida_Rityta-1-02-600x403.png 600w, https:\/\/energi.stuns.se\/wp-content\/uploads\/2026\/01\/Energy-PUB-2026-hemsida_Rityta-1-02-900x604.png 900w, https:\/\/energi.stuns.se\/wp-content\/uploads\/2026\/01\/Energy-PUB-2026-hemsida_Rityta-1-02-400x269.png 400w\" sizes=\"(max-width: 600px) 100vw, 600px\" \/><\/span><\/a>            <div class=\"post-header featured\">\n              <span class=\"meta-category\"><a class=\"event\" href=\"https:\/\/energi.stuns.se\/en\/category\/event\/\">Event<\/a><\/span>              <h3>Energy PUB<\/h3>            <\/div><!--\/post-header-->\n\n            <div class=\"excerpt\">Energy PUB \u00c4ntligen dags f\u00f6r v\u00e5rens Energy PUB! Denna g\u00e5ng ses vi i de fina&hellip;<\/div>\n      <\/div><!--\/col-->\n\n      \n      <div class=\"col span_4 post-3252 post type-post status-publish format-standard has-post-thumbnail category-event\" >\n\n        \n            <a class=\"full-post-link\" href=\"https:\/\/energi.stuns.se\/en\/female-energy-evening-2026\/\" aria-label=\"Female Energy Evening\"><\/a><a class=\"small\" aria-label=\"Female Energy Evening\" href=\"https:\/\/energi.stuns.se\/en\/female-energy-evening-2026\/\"><span class=\"img-thumbnail\"><img decoding=\"async\" width=\"140\" height=\"140\" src=\"https:\/\/energi.stuns.se\/wp-content\/uploads\/2025\/12\/fEMALE-eNERGY-eVNING-08-1-140x140.png\" class=\"attachment-nectar_small_square size-nectar_small_square wp-post-image\" alt=\"\" title=\"\" srcset=\"https:\/\/energi.stuns.se\/wp-content\/uploads\/2025\/12\/fEMALE-eNERGY-eVNING-08-1-140x140.png 140w, https:\/\/energi.stuns.se\/wp-content\/uploads\/2025\/12\/fEMALE-eNERGY-eVNING-08-1-150x150.png 150w, https:\/\/energi.stuns.se\/wp-content\/uploads\/2025\/12\/fEMALE-eNERGY-eVNING-08-1-11x12.png 11w, https:\/\/energi.stuns.se\/wp-content\/uploads\/2025\/12\/fEMALE-eNERGY-eVNING-08-1-100x100.png 100w, https:\/\/energi.stuns.se\/wp-content\/uploads\/2025\/12\/fEMALE-eNERGY-eVNING-08-1-500x500.png 500w, https:\/\/energi.stuns.se\/wp-content\/uploads\/2025\/12\/fEMALE-eNERGY-eVNING-08-1-350x350.png 350w, https:\/\/energi.stuns.se\/wp-content\/uploads\/2025\/12\/fEMALE-eNERGY-eVNING-08-1-1000x1000.png 1000w, https:\/\/energi.stuns.se\/wp-content\/uploads\/2025\/12\/fEMALE-eNERGY-eVNING-08-1-800x800.png 800w\" sizes=\"(max-width: 140px) 100vw, 140px\" \/><\/span><\/a>            <div class=\"post-header small\">\n              <span class=\"meta-category\"><a class=\"event\" href=\"https:\/\/energi.stuns.se\/en\/category\/event\/\">Event<\/a><\/span>              <h5>Female Energy Evening<\/h5>            <\/div><!--\/post-header-->\n\n            \n      <\/div><!--\/col-->\n\n      \n      <div class=\"col span_4 post-3121 post type-post status-publish format-standard has-post-thumbnail category-event\" >\n\n        \n            <a class=\"full-post-link\" href=\"https:\/\/energi.stuns.se\/en\/hackaton\/\" aria-label=\"Hackaton\"><\/a><a class=\"small\" aria-label=\"Hackaton\" href=\"https:\/\/energi.stuns.se\/en\/hackaton\/\"><span class=\"img-thumbnail\"><img decoding=\"async\" width=\"140\" height=\"140\" src=\"https:\/\/energi.stuns.se\/wp-content\/uploads\/2025\/12\/iStock-101579223-140x140.jpg\" class=\"attachment-nectar_small_square size-nectar_small_square wp-post-image\" alt=\"\" title=\"\" srcset=\"https:\/\/energi.stuns.se\/wp-content\/uploads\/2025\/12\/iStock-101579223-140x140.jpg 140w, https:\/\/energi.stuns.se\/wp-content\/uploads\/2025\/12\/iStock-101579223-150x150.jpg 150w, https:\/\/energi.stuns.se\/wp-content\/uploads\/2025\/12\/iStock-101579223-100x100.jpg 100w, https:\/\/energi.stuns.se\/wp-content\/uploads\/2025\/12\/iStock-101579223-500x500.jpg 500w, https:\/\/energi.stuns.se\/wp-content\/uploads\/2025\/12\/iStock-101579223-350x350.jpg 350w, https:\/\/energi.stuns.se\/wp-content\/uploads\/2025\/12\/iStock-101579223-1000x1000.jpg 1000w, https:\/\/energi.stuns.se\/wp-content\/uploads\/2025\/12\/iStock-101579223-800x800.jpg 800w\" sizes=\"(max-width: 140px) 100vw, 140px\" \/><\/span><\/a>            <div class=\"post-header small\">\n              <span class=\"meta-category\"><a class=\"event\" href=\"https:\/\/energi.stuns.se\/en\/category\/event\/\">Event<\/a><\/span>              <h5>Hackaton<\/h5>            <\/div><!--\/post-header-->\n\n            \n      <\/div><!--\/col-->\n\n      \n      <div class=\"col span_4 post-2598 post type-post status-publish format-standard has-post-thumbnail category-event\" >\n\n        \n            <a class=\"full-post-link\" href=\"https:\/\/energi.stuns.se\/en\/flex-o-mat-event\/\" aria-label=\"Flex-o-mat\"><\/a><a class=\"small\" aria-label=\"Flex-o-mat\" href=\"https:\/\/energi.stuns.se\/en\/flex-o-mat-event\/\"><span class=\"img-thumbnail\"><img decoding=\"async\" width=\"140\" height=\"140\" src=\"https:\/\/energi.stuns.se\/wp-content\/uploads\/2022\/06\/flexomat-140x140.jpg\" class=\"attachment-nectar_small_square size-nectar_small_square wp-post-image\" alt=\"\" title=\"\" srcset=\"https:\/\/energi.stuns.se\/wp-content\/uploads\/2022\/06\/flexomat-140x140.jpg 140w, https:\/\/energi.stuns.se\/wp-content\/uploads\/2022\/06\/flexomat-150x150.jpg 150w, https:\/\/energi.stuns.se\/wp-content\/uploads\/2022\/06\/flexomat-100x100.jpg 100w\" sizes=\"(max-width: 140px) 100vw, 140px\" \/><\/span><\/a>            <div class=\"post-header small\">\n              <span class=\"meta-category\"><a class=\"event\" href=\"https:\/\/energi.stuns.se\/en\/category\/event\/\">Event<\/a><\/span>              <h5>Flex-o-mat<\/h5>            <\/div><!--\/post-header-->\n\n            \n      <\/div><!--\/col-->\n\n      \n      <div class=\"col span_4 post-2326 post type-post status-publish format-standard has-post-thumbnail category-event category-female-energy-evening\" >\n\n        \n            <a class=\"full-post-link\" href=\"https:\/\/energi.stuns.se\/en\/female-energy-evening-2023-event\/\" aria-label=\"Female Energy Evening\"><\/a><a class=\"small\" aria-label=\"Female Energy Evening\" href=\"https:\/\/energi.stuns.se\/en\/female-energy-evening-2023-event\/\"><span class=\"img-thumbnail\"><img decoding=\"async\" width=\"140\" height=\"140\" src=\"https:\/\/energi.stuns.se\/wp-content\/uploads\/2023\/07\/thisisengineering-raeng-sbFmoKBK7jU-unsplash-1-140x140.jpg\" class=\"attachment-nectar_small_square size-nectar_small_square wp-post-image\" alt=\"\" title=\"\" srcset=\"https:\/\/energi.stuns.se\/wp-content\/uploads\/2023\/07\/thisisengineering-raeng-sbFmoKBK7jU-unsplash-1-140x140.jpg 140w, https:\/\/energi.stuns.se\/wp-content\/uploads\/2023\/07\/thisisengineering-raeng-sbFmoKBK7jU-unsplash-1-150x150.jpg 150w, https:\/\/energi.stuns.se\/wp-content\/uploads\/2023\/07\/thisisengineering-raeng-sbFmoKBK7jU-unsplash-1-100x100.jpg 100w, https:\/\/energi.stuns.se\/wp-content\/uploads\/2023\/07\/thisisengineering-raeng-sbFmoKBK7jU-unsplash-1-500x500.jpg 500w, https:\/\/energi.stuns.se\/wp-content\/uploads\/2023\/07\/thisisengineering-raeng-sbFmoKBK7jU-unsplash-1-350x350.jpg 350w, https:\/\/energi.stuns.se\/wp-content\/uploads\/2023\/07\/thisisengineering-raeng-sbFmoKBK7jU-unsplash-1-1000x1000.jpg 1000w, https:\/\/energi.stuns.se\/wp-content\/uploads\/2023\/07\/thisisengineering-raeng-sbFmoKBK7jU-unsplash-1-800x800.jpg 800w\" sizes=\"(max-width: 140px) 100vw, 140px\" \/><\/span><\/a>            <div class=\"post-header small\">\n              <span class=\"meta-category\"><a class=\"event\" href=\"https:\/\/energi.stuns.se\/en\/category\/event\/\">Event<\/a><\/span>              <h5>Female Energy Evening<\/h5>            <\/div><!--\/post-header-->\n\n            \n      <\/div><!--\/col-->\n\n      \n      <div class=\"col span_4 post-1711 post type-post status-publish format-standard category-event\" >\n\n        \n            <a class=\"full-post-link\" href=\"https:\/\/energi.stuns.se\/en\/uppsala-energy-2023\/\" aria-label=\"Uppsala ENERGY 2023\"><\/a><a class=\"small\" aria-label=\"Uppsala ENERGY 2023\" href=\"https:\/\/energi.stuns.se\/en\/uppsala-energy-2023\/\"><\/a>            <div class=\"post-header small\">\n              <span class=\"meta-category\"><a class=\"event\" href=\"https:\/\/energi.stuns.se\/en\/category\/event\/\">Event<\/a><\/span>              <h5>Uppsala ENERGY 2023<\/h5>            <\/div><!--\/post-header-->\n\n            \n      <\/div><!--\/col-->\n\n      \n      <div class=\"col span_4 post-1932 post type-post status-publish format-standard has-post-thumbnail category-event category-female-energy-evening\" >\n\n        \n            <a class=\"full-post-link\" href=\"https:\/\/energi.stuns.se\/en\/female-energy-evening-2022\/\" aria-label=\"Female Energy Evening\"><\/a><a class=\"small\" aria-label=\"Female Energy Evening\" href=\"https:\/\/energi.stuns.se\/en\/female-energy-evening-2022\/\"><span class=\"img-thumbnail\"><img decoding=\"async\" width=\"140\" height=\"140\" src=\"https:\/\/energi.stuns.se\/wp-content\/uploads\/2022\/11\/Female-Energy-Evening-Angstrom-ratt2-140x140.jpg\" class=\"attachment-nectar_small_square size-nectar_small_square wp-post-image\" alt=\"\" title=\"\" srcset=\"https:\/\/energi.stuns.se\/wp-content\/uploads\/2022\/11\/Female-Energy-Evening-Angstrom-ratt2-140x140.jpg 140w, https:\/\/energi.stuns.se\/wp-content\/uploads\/2022\/11\/Female-Energy-Evening-Angstrom-ratt2-150x150.jpg 150w, https:\/\/energi.stuns.se\/wp-content\/uploads\/2022\/11\/Female-Energy-Evening-Angstrom-ratt2-100x100.jpg 100w, https:\/\/energi.stuns.se\/wp-content\/uploads\/2022\/11\/Female-Energy-Evening-Angstrom-ratt2-500x500.jpg 500w, https:\/\/energi.stuns.se\/wp-content\/uploads\/2022\/11\/Female-Energy-Evening-Angstrom-ratt2-350x350.jpg 350w, https:\/\/energi.stuns.se\/wp-content\/uploads\/2022\/11\/Female-Energy-Evening-Angstrom-ratt2-1000x1000.jpg 1000w, https:\/\/energi.stuns.se\/wp-content\/uploads\/2022\/11\/Female-Energy-Evening-Angstrom-ratt2-800x800.jpg 800w\" sizes=\"(max-width: 140px) 100vw, 140px\" \/><\/span><\/a>            <div class=\"post-header small\">\n              <span class=\"meta-category\"><a class=\"event\" href=\"https:\/\/energi.stuns.se\/en\/category\/event\/\">Event<\/a><\/span>              <h5>Female Energy Evening<\/h5>            <\/div><!--\/post-header-->\n\n            \n      <\/div><!--\/col-->\n\n      \n      <div class=\"col span_4 post-1929 post type-post status-publish format-standard has-post-thumbnail category-event\" >\n\n        \n            <a class=\"full-post-link\" href=\"https:\/\/energi.stuns.se\/en\/female-energy-evening\/\" aria-label=\"Female Energy Evening\"><\/a><a class=\"small\" aria-label=\"Female Energy Evening\" href=\"https:\/\/energi.stuns.se\/en\/female-energy-evening\/\"><span class=\"img-thumbnail\"><img decoding=\"async\" width=\"140\" height=\"140\" src=\"https:\/\/energi.stuns.se\/wp-content\/uploads\/2022\/11\/Female-Energy-evening-hemsida-140x140.jpg\" class=\"attachment-nectar_small_square size-nectar_small_square wp-post-image\" alt=\"\" title=\"\" srcset=\"https:\/\/energi.stuns.se\/wp-content\/uploads\/2022\/11\/Female-Energy-evening-hemsida-140x140.jpg 140w, https:\/\/energi.stuns.se\/wp-content\/uploads\/2022\/11\/Female-Energy-evening-hemsida-150x150.jpg 150w, https:\/\/energi.stuns.se\/wp-content\/uploads\/2022\/11\/Female-Energy-evening-hemsida-100x100.jpg 100w, https:\/\/energi.stuns.se\/wp-content\/uploads\/2022\/11\/Female-Energy-evening-hemsida-500x500.jpg 500w, https:\/\/energi.stuns.se\/wp-content\/uploads\/2022\/11\/Female-Energy-evening-hemsida-350x350.jpg 350w\" sizes=\"(max-width: 140px) 100vw, 140px\" \/><\/span><\/a>            <div class=\"post-header small\">\n              <span class=\"meta-category\"><a class=\"event\" href=\"https:\/\/energi.stuns.se\/en\/category\/event\/\">Event<\/a><\/span>              <h5>Female Energy Evening<\/h5>            <\/div><!--\/post-header-->\n\n            \n      <\/div><!--\/col-->\n\n      \n      <div class=\"col span_4 post-1509 post type-post status-publish format-standard has-post-thumbnail category-projekt\" >\n\n        \n            <a class=\"full-post-link\" href=\"https:\/\/energi.stuns.se\/en\/energi-och-hallbara\/\" aria-label=\"Energi och H\u00e5llbara samh\u00e4llen g\u00e5r ihop\"><\/a><a class=\"small\" aria-label=\"Energi och H\u00e5llbara samh\u00e4llen g\u00e5r ihop\" href=\"https:\/\/energi.stuns.se\/en\/energi-och-hallbara\/\"><span class=\"img-thumbnail\"><img decoding=\"async\" width=\"140\" height=\"140\" src=\"https:\/\/energi.stuns.se\/wp-content\/uploads\/2022\/06\/IMG_5228-140x140.jpg\" class=\"attachment-nectar_small_square size-nectar_small_square wp-post-image\" alt=\"People by a whiteboard\" title=\"\" srcset=\"https:\/\/energi.stuns.se\/wp-content\/uploads\/2022\/06\/IMG_5228-140x140.jpg 140w, https:\/\/energi.stuns.se\/wp-content\/uploads\/2022\/06\/IMG_5228-150x150.jpg 150w, https:\/\/energi.stuns.se\/wp-content\/uploads\/2022\/06\/IMG_5228-100x100.jpg 100w, https:\/\/energi.stuns.se\/wp-content\/uploads\/2022\/06\/IMG_5228-350x350.jpg 350w\" sizes=\"(max-width: 140px) 100vw, 140px\" \/><\/span><\/a>            <div class=\"post-header small\">\n              <span class=\"meta-category\"><a class=\"projekt\" href=\"https:\/\/energi.stuns.se\/en\/category\/projekt\/\">Project<\/a><\/span>              <h5>Energi och H\u00e5llbara samh\u00e4llen g\u00e5r ihop<\/h5>            <\/div><!--\/post-header-->\n\n            \n      <\/div><!--\/col-->\n\n      \n      <div class=\"col span_4 post-1495 post type-post status-publish format-standard has-post-thumbnail category-projekt\" >\n\n        \n            <a class=\"full-post-link\" href=\"https:\/\/energi.stuns.se\/en\/elbilsanvandare-i-framtidens-hallbara-energisystem\/\" aria-label=\"Elbilsanv\u00e4ndare i framtidens h\u00e5llbara energisystem\"><\/a><a class=\"small\" aria-label=\"Elbilsanv\u00e4ndare i framtidens h\u00e5llbara energisystem\" href=\"https:\/\/energi.stuns.se\/en\/elbilsanvandare-i-framtidens-hallbara-energisystem\/\"><span class=\"img-thumbnail\"><img decoding=\"async\" width=\"140\" height=\"140\" src=\"https:\/\/energi.stuns.se\/wp-content\/uploads\/2022\/06\/parkeringsapp1-140x140.jpg\" class=\"attachment-nectar_small_square size-nectar_small_square wp-post-image\" alt=\"\" title=\"\" srcset=\"https:\/\/energi.stuns.se\/wp-content\/uploads\/2022\/06\/parkeringsapp1-140x140.jpg 140w, https:\/\/energi.stuns.se\/wp-content\/uploads\/2022\/06\/parkeringsapp1-150x150.jpg 150w, https:\/\/energi.stuns.se\/wp-content\/uploads\/2022\/06\/parkeringsapp1-100x100.jpg 100w\" sizes=\"(max-width: 140px) 100vw, 140px\" \/><\/span><\/a>            <div class=\"post-header small\">\n              <span class=\"meta-category\"><a class=\"projekt\" href=\"https:\/\/energi.stuns.se\/en\/category\/projekt\/\">Project<\/a><\/span>              <h5>Elbilsanv\u00e4ndare i framtidens h\u00e5llbara energisystem<\/h5>            <\/div><!--\/post-header-->\n\n            \n      <\/div><!--\/col-->\n\n      \n    <\/div><!--\/blog-recent-->\n\n  \n\t\t\t<\/div> \n\t\t<\/div>\n\t<\/div> \n<\/div><\/div>","protected":false},"excerpt":{"rendered":"Elbilsanv\u00e4ndares roll i framtidens h\u00e5llbara energisystem Det h\u00e4r \u00e4r ett av omr\u00e5dena som unders\u00f6kts under v\u00e5ren n\u00e4r forskargruppen USER vid Uppsala universitet har genomf\u00f6rt intervjuer inom projektet Dansm\u00e4staren \u2013 Dansar...","protected":false},"author":12,"featured_media":0,"parent":0,"menu_order":0,"comment_status":"closed","ping_status":"closed","template":"","meta":{"footnotes":""},"class_list":["post-1473","page","type-page","status-publish"],"yoast_head":"<!-- This site is optimized with the Yoast SEO plugin v27.4 - https:\/\/yoast.com\/product\/yoast-seo-wordpress\/ -->\n<title>Aktuellt - Stuns Energi<\/title>\n<meta name=\"description\" content=\"H\u00e4r samlas v\u00e5ra senaste h\u00e4ndelser om projekten och andra nyheter. H\u00e4r kan du \u00e4ven anm\u00e4la dig till STUNS Energis nyhetsbrev.\" \/>\n<meta name=\"robots\" content=\"index, follow, max-snippet:-1, max-image-preview:large, max-video-preview:-1\" \/>\n<link rel=\"canonical\" href=\"https:\/\/energi.stuns.se\/en\/senaste-hos-oss\/\" \/>\n<meta property=\"og:locale\" content=\"en_GB\" \/>\n<meta property=\"og:type\" content=\"article\" \/>\n<meta property=\"og:title\" content=\"Aktuellt - Stuns Energi\" \/>\n<meta property=\"og:description\" content=\"H\u00e4r samlas v\u00e5ra senaste h\u00e4ndelser om projekten och andra nyheter. H\u00e4r kan du \u00e4ven anm\u00e4la dig till STUNS Energis nyhetsbrev.\" \/>\n<meta property=\"og:url\" content=\"https:\/\/energi.stuns.se\/en\/senaste-hos-oss\/\" \/>\n<meta property=\"og:site_name\" content=\"Stuns Energi\" \/>\n<meta property=\"article:modified_time\" content=\"2025-12-15T15:41:44+00:00\" \/>\n<meta name=\"twitter:card\" content=\"summary_large_image\" \/>\n<meta name=\"twitter:label1\" content=\"Estimated reading time\" \/>\n\t<meta name=\"twitter:data1\" content=\"1 minute\" \/>\n<script type=\"application\/ld+json\" class=\"yoast-schema-graph\">{\"@context\":\"https:\\\/\\\/schema.org\",\"@graph\":[{\"@type\":\"WebPage\",\"@id\":\"https:\\\/\\\/energi.stuns.se\\\/senaste-hos-oss\\\/\",\"url\":\"https:\\\/\\\/energi.stuns.se\\\/senaste-hos-oss\\\/\",\"name\":\"Aktuellt - Stuns Energi\",\"isPartOf\":{\"@id\":\"https:\\\/\\\/energi.stuns.se\\\/#website\"},\"datePublished\":\"2022-06-28T11:05:12+00:00\",\"dateModified\":\"2025-12-15T15:41:44+00:00\",\"description\":\"H\u00e4r samlas v\u00e5ra senaste h\u00e4ndelser om projekten och andra nyheter. H\u00e4r kan du \u00e4ven anm\u00e4la dig till STUNS Energis nyhetsbrev.\",\"inLanguage\":\"en-GB\",\"potentialAction\":[{\"@type\":\"ReadAction\",\"target\":[\"https:\\\/\\\/energi.stuns.se\\\/senaste-hos-oss\\\/\"]}]},{\"@type\":\"WebSite\",\"@id\":\"https:\\\/\\\/energi.stuns.se\\\/#website\",\"url\":\"https:\\\/\\\/energi.stuns.se\\\/\",\"name\":\"Stuns Energi\",\"description\":\"\",\"potentialAction\":[{\"@type\":\"SearchAction\",\"target\":{\"@type\":\"EntryPoint\",\"urlTemplate\":\"https:\\\/\\\/energi.stuns.se\\\/?s={search_term_string}\"},\"query-input\":{\"@type\":\"PropertyValueSpecification\",\"valueRequired\":true,\"valueName\":\"search_term_string\"}}],\"inLanguage\":\"en-GB\"}]}<\/script>\n<!-- \/ Yoast SEO plugin. -->","yoast_head_json":{"title":"Aktuellt - Stuns Energi","description":"H\u00e4r samlas v\u00e5ra senaste h\u00e4ndelser om projekten och andra nyheter. H\u00e4r kan du \u00e4ven anm\u00e4la dig till STUNS Energis nyhetsbrev.","robots":{"index":"index","follow":"follow","max-snippet":"max-snippet:-1","max-image-preview":"max-image-preview:large","max-video-preview":"max-video-preview:-1"},"canonical":"https:\/\/energi.stuns.se\/en\/senaste-hos-oss\/","og_locale":"en_GB","og_type":"article","og_title":"Aktuellt - Stuns Energi","og_description":"H\u00e4r samlas v\u00e5ra senaste h\u00e4ndelser om projekten och andra nyheter. H\u00e4r kan du \u00e4ven anm\u00e4la dig till STUNS Energis nyhetsbrev.","og_url":"https:\/\/energi.stuns.se\/en\/senaste-hos-oss\/","og_site_name":"Stuns Energi","article_modified_time":"2025-12-15T15:41:44+00:00","twitter_card":"summary_large_image","twitter_misc":{"Estimated reading time":"1 minute"},"schema":{"@context":"https:\/\/schema.org","@graph":[{"@type":"WebPage","@id":"https:\/\/energi.stuns.se\/senaste-hos-oss\/","url":"https:\/\/energi.stuns.se\/senaste-hos-oss\/","name":"Aktuellt - Stuns Energi","isPartOf":{"@id":"https:\/\/energi.stuns.se\/#website"},"datePublished":"2022-06-28T11:05:12+00:00","dateModified":"2025-12-15T15:41:44+00:00","description":"H\u00e4r samlas v\u00e5ra senaste h\u00e4ndelser om projekten och andra nyheter. H\u00e4r kan du \u00e4ven anm\u00e4la dig till STUNS Energis nyhetsbrev.","inLanguage":"en-GB","potentialAction":[{"@type":"ReadAction","target":["https:\/\/energi.stuns.se\/senaste-hos-oss\/"]}]},{"@type":"WebSite","@id":"https:\/\/energi.stuns.se\/#website","url":"https:\/\/energi.stuns.se\/","name":"Stuns Energi","description":"","potentialAction":[{"@type":"SearchAction","target":{"@type":"EntryPoint","urlTemplate":"https:\/\/energi.stuns.se\/?s={search_term_string}"},"query-input":{"@type":"PropertyValueSpecification","valueRequired":true,"valueName":"search_term_string"}}],"inLanguage":"en-GB"}]}},"_links":{"self":[{"href":"https:\/\/energi.stuns.se\/en\/wp-json\/wp\/v2\/pages\/1473","targetHints":{"allow":["GET"]}}],"collection":[{"href":"https:\/\/energi.stuns.se\/en\/wp-json\/wp\/v2\/pages"}],"about":[{"href":"https:\/\/energi.stuns.se\/en\/wp-json\/wp\/v2\/types\/page"}],"author":[{"embeddable":true,"href":"https:\/\/energi.stuns.se\/en\/wp-json\/wp\/v2\/users\/12"}],"replies":[{"embeddable":true,"href":"https:\/\/energi.stuns.se\/en\/wp-json\/wp\/v2\/comments?post=1473"}],"version-history":[{"count":17,"href":"https:\/\/energi.stuns.se\/en\/wp-json\/wp\/v2\/pages\/1473\/revisions"}],"predecessor-version":[{"id":3232,"href":"https:\/\/energi.stuns.se\/en\/wp-json\/wp\/v2\/pages\/1473\/revisions\/3232"}],"wp:attachment":[{"href":"https:\/\/energi.stuns.se\/en\/wp-json\/wp\/v2\/media?parent=1473"}],"curies":[{"name":"wp","href":"https:\/\/api.w.org\/{rel}","templated":true}]}}