{"id":1297,"date":"2021-10-22T09:41:22","date_gmt":"2021-10-22T07:41:22","guid":{"rendered":"https:\/\/energi.stuns.se\/?page_id=1297"},"modified":"2025-01-20T11:37:18","modified_gmt":"2025-01-20T09:37:18","slug":"energy-stories","status":"publish","type":"page","link":"https:\/\/energi.stuns.se\/en\/energy-stories\/","title":{"rendered":"Stories"},"content":{"rendered":"<div id=\"fws_69e381d97cc42\"  data-column-margin=\"default\" data-midnight=\"dark\"  class=\"wpb_row vc_row-fluid vc_row\"  style=\"padding-top: 0px; padding-bottom: 0px; \"><div class=\"row-bg-wrap\" data-bg-animation=\"none\" data-bg-animation-delay=\"\" data-bg-overlay=\"false\"><div class=\"inner-wrap row-bg-layer\" ><div class=\"row-bg viewport-desktop\"  style=\"\"><\/div><\/div><\/div><div class=\"row_col_wrap_12 col span_12 dark left\">\n\t<div  class=\"vc_col-sm-2 wpb_column column_container vc_column_container col no-extra-padding inherit_tablet inherit_phone\"  data-padding-pos=\"all\" data-has-bg-color=\"false\" data-bg-color=\"\" data-bg-opacity=\"1\" data-animation=\"\" data-delay=\"0\" >\n\t\t<div class=\"vc_column-inner\" >\n\t\t\t<div class=\"wpb_wrapper\">\n\t\t\t\t\n\t\t\t<\/div> \n\t\t<\/div>\n\t<\/div> \n\n\t<div  class=\"vc_col-sm-8 wpb_column column_container vc_column_container col no-extra-padding inherit_tablet inherit_phone\"  data-padding-pos=\"all\" data-has-bg-color=\"false\" data-bg-color=\"\" data-bg-opacity=\"1\" data-animation=\"\" data-delay=\"0\" >\n\t\t<div class=\"vc_column-inner\" >\n\t\t\t<div class=\"wpb_wrapper\">\n\t\t\t\t<div id=\"fws_69e381d97d36d\" data-midnight=\"\" data-column-margin=\"default\" class=\"wpb_row vc_row-fluid vc_row inner_row\"  style=\"\"><div class=\"row-bg-wrap\"> <div class=\"row-bg\" ><\/div> <\/div><div class=\"row_col_wrap_12_inner col span_12  left\">\n\t<div  class=\"vc_col-sm-4 wpb_column column_container vc_column_container col child_column no-extra-padding inherit_tablet inherit_phone\"   data-padding-pos=\"all\" data-has-bg-color=\"false\" data-bg-color=\"\" data-bg-opacity=\"1\" data-animation=\"\" data-delay=\"0\" >\n\t\t<div class=\"vc_column-inner\" >\n\t\t<div class=\"wpb_wrapper\">\n\t\t\t<div class=\"nectar-milestone\" data-symbol=\"+\" data-effect=\"count\" data-symbol-alignment=\"default\" data-symbol-pos=\"after\" data-symbol-size=\"62\" data-single-decimal-place=\"\" data-animation-delay=\"\" data-ms-align=\"default\" > <div class=\"number accent-color\" data-number-size=\"62\"><span>830<\/span><div class=\"symbol-wrap\" style=\"font-size: 62px;\"><span class=\"symbol\">+<\/span><\/div><\/div> <div class=\"subject\" >students<\/div> <\/div>\n\t\t<\/div> \n\t<\/div>\n\t<\/div> \n\n\t<div  class=\"vc_col-sm-4 wpb_column column_container vc_column_container col child_column no-extra-padding inherit_tablet inherit_phone\"   data-padding-pos=\"all\" data-has-bg-color=\"false\" data-bg-color=\"\" data-bg-opacity=\"1\" data-animation=\"\" data-delay=\"0\" >\n\t\t<div class=\"vc_column-inner\" >\n\t\t<div class=\"wpb_wrapper\">\n\t\t\t<div class=\"nectar-milestone\" data-symbol=\"+\" data-effect=\"count\" data-symbol-alignment=\"default\" data-symbol-pos=\"after\" data-symbol-size=\"62\" data-single-decimal-place=\"\" data-animation-delay=\"\" data-ms-align=\"default\" > <div class=\"number accent-color\" data-number-size=\"62\"><span>210<\/span><div class=\"symbol-wrap\" style=\"font-size: 62px;\"><span class=\"symbol\">+<\/span><\/div><\/div> <div class=\"subject\" >case<\/div> <\/div>\n\t\t<\/div> \n\t<\/div>\n\t<\/div> \n\n\t<div  class=\"vc_col-sm-4 wpb_column column_container vc_column_container col child_column no-extra-padding inherit_tablet inherit_phone\"   data-padding-pos=\"all\" data-has-bg-color=\"false\" data-bg-color=\"\" data-bg-opacity=\"1\" data-animation=\"\" data-delay=\"0\" >\n\t\t<div class=\"vc_column-inner\" >\n\t\t<div class=\"wpb_wrapper\">\n\t\t\t<div class=\"nectar-milestone\" data-symbol=\"+\" data-effect=\"count\" data-symbol-alignment=\"default\" data-symbol-pos=\"after\" data-symbol-size=\"62\" data-single-decimal-place=\"\" data-animation-delay=\"\" data-ms-align=\"default\" > <div class=\"number accent-color\" data-number-size=\"62\"><span>10<\/span><div class=\"symbol-wrap\" style=\"font-size: 62px;\"><span class=\"symbol\">+<\/span><\/div><\/div> <div class=\"subject\" >years<\/div> <\/div>\n\t\t<\/div> \n\t<\/div>\n\t<\/div> \n<\/div><\/div>\n\t\t\t<\/div> \n\t\t<\/div>\n\t<\/div> \n\n\t<div  class=\"vc_col-sm-2 wpb_column column_container vc_column_container col no-extra-padding inherit_tablet inherit_phone\"  data-padding-pos=\"all\" data-has-bg-color=\"false\" data-bg-color=\"\" data-bg-opacity=\"1\" data-animation=\"\" data-delay=\"0\" >\n\t\t<div class=\"vc_column-inner\" >\n\t\t\t<div class=\"wpb_wrapper\">\n\t\t\t\t\n\t\t\t<\/div> \n\t\t<\/div>\n\t<\/div> \n<\/div><\/div>\n\t\t<div id=\"fws_69e381d97da72\"  data-column-margin=\"default\" data-midnight=\"dark\"  class=\"wpb_row vc_row-fluid vc_row\"  style=\"padding-top: 0px; padding-bottom: 0px; \"><div class=\"row-bg-wrap\" data-bg-animation=\"none\" data-bg-animation-delay=\"\" data-bg-overlay=\"false\"><div class=\"inner-wrap row-bg-layer\" ><div class=\"row-bg viewport-desktop\"  style=\"\"><\/div><\/div><\/div><div class=\"row_col_wrap_12 col span_12 dark left\">\n\t<div  class=\"vc_col-sm-6 wpb_column column_container vc_column_container col padding-2-percent inherit_tablet inherit_phone\"  data-padding-pos=\"all\" data-has-bg-color=\"false\" data-bg-color=\"\" data-bg-opacity=\"1\" data-animation=\"\" data-delay=\"0\" >\n\t\t<div class=\"vc_column-inner\" >\n\t\t\t<div class=\"wpb_wrapper\">\n\t\t\t\t\n<div class=\"wpb_text_column wpb_content_element\" >\n\t<h1>Stories<b><\/b><\/h1>\n<p>Stories \u00e4r konceptet d\u00e4r studenter inom sina utbildningar reder ut f\u00f6retag och kommuners dagsaktuella h\u00e5llbarhetsfr\u00e5gor. Fr\u00e5gorna ber\u00f6r allt fr\u00e5n el och vatten till h\u00e5llbara samh\u00e4llen och flera olika program p\u00e5 Uppsala universitet och Sveriges Lantbruksuniversitet medverkar.<\/p>\n<\/div>\n\n\n\n<div class=\"nectar-cta  alignment_tablet_default alignment_phone_default display_tablet_inherit display_phone_inherit\" data-color=\"default\" data-using-bg=\"false\" data-style=\"see-through\" data-display=\"block\" data-alignment=\"left\" data-text-color=\"std\" style=\"--nectar-button-color: var(--nectar-default); --nectar-icon-gap: 10px; \"><h6> <span class=\"text\"> <\/span><span class=\"link_wrap\" ><a  class=\"link_text\" role=\"button\" href=\"https:\/\/stories.stuns.se\/stories\/\">L\u00e4s mer om Stories p\u00e5 stories.stuns.se<span class=\"arrow\"><\/span><\/a><\/span><\/h6><\/div>\n\t\t\t<\/div> \n\t\t<\/div>\n\t<\/div> \n\n\t<div  class=\"vc_col-sm-6 wpb_column column_container vc_column_container col padding-2-percent inherit_tablet inherit_phone\"  data-padding-pos=\"all\" data-has-bg-color=\"false\" data-bg-color=\"\" data-bg-opacity=\"1\" data-animation=\"\" data-delay=\"0\" >\n\t\t<div class=\"vc_column-inner\" >\n\t\t\t<div class=\"wpb_wrapper\">\n\t\t\t\t<div class=\"img-with-aniamtion-wrap\" data-max-width=\"100%\" data-max-width-mobile=\"default\" data-shadow=\"none\" data-animation=\"fade-in\" >\n      <div class=\"inner\">\n        <div class=\"hover-wrap\"> \n          <div class=\"hover-wrap-inner\">\n            <img decoding=\"async\" class=\"img-with-animation skip-lazy\" data-delay=\"0\" height=\"1266\" width=\"1920\" data-animation=\"fade-in\" src=\"https:\/\/energi.stuns.se\/wp-content\/uploads\/2021\/07\/STUNS_Academy_smile-scaled.jpg\" alt=\"\" srcset=\"https:\/\/energi.stuns.se\/wp-content\/uploads\/2021\/07\/STUNS_Academy_smile-scaled.jpg 1920w, https:\/\/energi.stuns.se\/wp-content\/uploads\/2021\/07\/STUNS_Academy_smile-300x198.jpg 300w, https:\/\/energi.stuns.se\/wp-content\/uploads\/2021\/07\/STUNS_Academy_smile-970x639.jpg 970w, https:\/\/energi.stuns.se\/wp-content\/uploads\/2021\/07\/STUNS_Academy_smile-768x506.jpg 768w, https:\/\/energi.stuns.se\/wp-content\/uploads\/2021\/07\/STUNS_Academy_smile-1536x1013.jpg 1536w, https:\/\/energi.stuns.se\/wp-content\/uploads\/2021\/07\/STUNS_Academy_smile-2048x1350.jpg 2048w\" sizes=\"(max-width: 1920px) 100vw, 1920px\" \/>\n          <\/div>\n        <\/div>\n        \n      <\/div>\n    <\/div>\n\t\t\t<\/div> \n\t\t<\/div>\n\t<\/div> \n<\/div><\/div>","protected":false},"excerpt":{"rendered":"830+ studenter 210+ case 10+ \u00e5r Stories Stories \u00e4r konceptet d\u00e4r studenter inom sina utbildningar reder ut f\u00f6retag och kommuners dagsaktuella h\u00e5llbarhetsfr\u00e5gor. Fr\u00e5gorna ber\u00f6r allt fr\u00e5n el och vatten till...","protected":false},"author":12,"featured_media":0,"parent":0,"menu_order":0,"comment_status":"closed","ping_status":"closed","template":"","meta":{"footnotes":""},"class_list":["post-1297","page","type-page","status-publish"],"yoast_head":"<!-- This site is optimized with the Yoast SEO plugin v27.4 - https:\/\/yoast.com\/product\/yoast-seo-wordpress\/ -->\n<title>Energy stories i Uppsalaregionen - STUNS Energi<\/title>\n<meta name=\"description\" content=\"Energy stories \u00e4r ett koncept i Uppsala region d\u00e4r studenter fr\u00e5n UU och SLU antar f\u00f6retag och kommuners dagsaktuella h\u00e5llbarhetsutmaningar.\" \/>\n<meta name=\"robots\" content=\"index, follow, max-snippet:-1, max-image-preview:large, max-video-preview:-1\" \/>\n<link rel=\"canonical\" href=\"https:\/\/energi.stuns.se\/en\/energy-stories\/\" \/>\n<meta property=\"og:locale\" content=\"en_GB\" \/>\n<meta property=\"og:type\" content=\"article\" \/>\n<meta property=\"og:title\" content=\"Energy stories i Uppsalaregionen - STUNS Energi\" \/>\n<meta property=\"og:description\" content=\"Energy stories \u00e4r ett koncept i Uppsala region d\u00e4r studenter fr\u00e5n UU och SLU antar f\u00f6retag och kommuners dagsaktuella h\u00e5llbarhetsutmaningar.\" \/>\n<meta property=\"og:url\" content=\"https:\/\/energi.stuns.se\/en\/energy-stories\/\" \/>\n<meta property=\"og:site_name\" content=\"Stuns Energi\" \/>\n<meta property=\"article:modified_time\" content=\"2025-01-20T09:37:18+00:00\" \/>\n<meta name=\"twitter:card\" content=\"summary_large_image\" \/>\n<meta name=\"twitter:label1\" content=\"Estimated reading time\" \/>\n\t<meta name=\"twitter:data1\" content=\"2 minutes\" \/>\n<script type=\"application\/ld+json\" class=\"yoast-schema-graph\">{\"@context\":\"https:\\\/\\\/schema.org\",\"@graph\":[{\"@type\":\"WebPage\",\"@id\":\"https:\\\/\\\/energi.stuns.se\\\/energy-stories\\\/\",\"url\":\"https:\\\/\\\/energi.stuns.se\\\/energy-stories\\\/\",\"name\":\"Energy stories i Uppsalaregionen - STUNS Energi\",\"isPartOf\":{\"@id\":\"https:\\\/\\\/energi.stuns.se\\\/#website\"},\"datePublished\":\"2021-10-22T07:41:22+00:00\",\"dateModified\":\"2025-01-20T09:37:18+00:00\",\"description\":\"Energy stories \u00e4r ett koncept i Uppsala region d\u00e4r studenter fr\u00e5n UU och SLU antar f\u00f6retag och kommuners dagsaktuella h\u00e5llbarhetsutmaningar.\",\"inLanguage\":\"en-GB\",\"potentialAction\":[{\"@type\":\"ReadAction\",\"target\":[\"https:\\\/\\\/energi.stuns.se\\\/energy-stories\\\/\"]}]},{\"@type\":\"WebSite\",\"@id\":\"https:\\\/\\\/energi.stuns.se\\\/#website\",\"url\":\"https:\\\/\\\/energi.stuns.se\\\/\",\"name\":\"Stuns Energi\",\"description\":\"\",\"potentialAction\":[{\"@type\":\"SearchAction\",\"target\":{\"@type\":\"EntryPoint\",\"urlTemplate\":\"https:\\\/\\\/energi.stuns.se\\\/?s={search_term_string}\"},\"query-input\":{\"@type\":\"PropertyValueSpecification\",\"valueRequired\":true,\"valueName\":\"search_term_string\"}}],\"inLanguage\":\"en-GB\"}]}<\/script>\n<!-- \/ Yoast SEO plugin. -->","yoast_head_json":{"title":"Energy stories i Uppsalaregionen - STUNS Energi","description":"Energy stories \u00e4r ett koncept i Uppsala region d\u00e4r studenter fr\u00e5n UU och SLU antar f\u00f6retag och kommuners dagsaktuella h\u00e5llbarhetsutmaningar.","robots":{"index":"index","follow":"follow","max-snippet":"max-snippet:-1","max-image-preview":"max-image-preview:large","max-video-preview":"max-video-preview:-1"},"canonical":"https:\/\/energi.stuns.se\/en\/energy-stories\/","og_locale":"en_GB","og_type":"article","og_title":"Energy stories i Uppsalaregionen - STUNS Energi","og_description":"Energy stories \u00e4r ett koncept i Uppsala region d\u00e4r studenter fr\u00e5n UU och SLU antar f\u00f6retag och kommuners dagsaktuella h\u00e5llbarhetsutmaningar.","og_url":"https:\/\/energi.stuns.se\/en\/energy-stories\/","og_site_name":"Stuns Energi","article_modified_time":"2025-01-20T09:37:18+00:00","twitter_card":"summary_large_image","twitter_misc":{"Estimated reading time":"2 minutes"},"schema":{"@context":"https:\/\/schema.org","@graph":[{"@type":"WebPage","@id":"https:\/\/energi.stuns.se\/energy-stories\/","url":"https:\/\/energi.stuns.se\/energy-stories\/","name":"Energy stories i Uppsalaregionen - STUNS Energi","isPartOf":{"@id":"https:\/\/energi.stuns.se\/#website"},"datePublished":"2021-10-22T07:41:22+00:00","dateModified":"2025-01-20T09:37:18+00:00","description":"Energy stories \u00e4r ett koncept i Uppsala region d\u00e4r studenter fr\u00e5n UU och SLU antar f\u00f6retag och kommuners dagsaktuella h\u00e5llbarhetsutmaningar.","inLanguage":"en-GB","potentialAction":[{"@type":"ReadAction","target":["https:\/\/energi.stuns.se\/energy-stories\/"]}]},{"@type":"WebSite","@id":"https:\/\/energi.stuns.se\/#website","url":"https:\/\/energi.stuns.se\/","name":"Stuns Energi","description":"","potentialAction":[{"@type":"SearchAction","target":{"@type":"EntryPoint","urlTemplate":"https:\/\/energi.stuns.se\/?s={search_term_string}"},"query-input":{"@type":"PropertyValueSpecification","valueRequired":true,"valueName":"search_term_string"}}],"inLanguage":"en-GB"}]}},"_links":{"self":[{"href":"https:\/\/energi.stuns.se\/en\/wp-json\/wp\/v2\/pages\/1297","targetHints":{"allow":["GET"]}}],"collection":[{"href":"https:\/\/energi.stuns.se\/en\/wp-json\/wp\/v2\/pages"}],"about":[{"href":"https:\/\/energi.stuns.se\/en\/wp-json\/wp\/v2\/types\/page"}],"author":[{"embeddable":true,"href":"https:\/\/energi.stuns.se\/en\/wp-json\/wp\/v2\/users\/12"}],"replies":[{"embeddable":true,"href":"https:\/\/energi.stuns.se\/en\/wp-json\/wp\/v2\/comments?post=1297"}],"version-history":[{"count":31,"href":"https:\/\/energi.stuns.se\/en\/wp-json\/wp\/v2\/pages\/1297\/revisions"}],"predecessor-version":[{"id":3072,"href":"https:\/\/energi.stuns.se\/en\/wp-json\/wp\/v2\/pages\/1297\/revisions\/3072"}],"wp:attachment":[{"href":"https:\/\/energi.stuns.se\/en\/wp-json\/wp\/v2\/media?parent=1297"}],"curies":[{"name":"wp","href":"https:\/\/api.w.org\/{rel}","templated":true}]}}