{"id":1077,"date":"2021-07-08T14:56:12","date_gmt":"2021-07-08T12:56:12","guid":{"rendered":"https:\/\/energi.stuns.se\/?page_id=1077"},"modified":"2024-11-26T10:39:05","modified_gmt":"2024-11-26T08:39:05","slug":"om-oss","status":"publish","type":"page","link":"https:\/\/energi.stuns.se\/en\/om-oss\/","title":{"rendered":"About us"},"content":{"rendered":"<div id=\"fws_69e37d1d7d8f0\"  data-column-margin=\"default\" data-midnight=\"dark\"  class=\"wpb_row vc_row-fluid vc_row full-width-content vc_row-o-equal-height vc_row-flex vc_row-o-content-middle\"  style=\"padding-top: 0px; padding-bottom: 0px; \"><div class=\"row-bg-wrap\" data-bg-animation=\"none\" data-bg-animation-delay=\"\" data-bg-overlay=\"false\"><div class=\"inner-wrap row-bg-layer\" ><div class=\"row-bg viewport-desktop\"  style=\"\"><\/div><\/div><\/div><div class=\"row_col_wrap_12 col span_12 dark left\">\n\t<div style=\"z-index: 100; \" class=\"vc_col-sm-5 wpb_column column_container vc_column_container col no-extra-padding inherit_tablet inherit_phone\"  data-padding-pos=\"all\" data-has-bg-color=\"false\" data-bg-color=\"\" data-bg-opacity=\"1\" data-animation=\"\" data-delay=\"0\" >\n\t\t<div class=\"vc_column-inner\" >\n\t\t\t<div class=\"wpb_wrapper\">\n\t\t\t\t<div id=\"fws_69e37d1d7de3c\" data-midnight=\"\" data-column-margin=\"default\" class=\"wpb_row vc_row-fluid vc_row inner_row\"  style=\"\"><div class=\"row-bg-wrap\"> <div class=\"row-bg\" ><\/div> <\/div><div class=\"row_col_wrap_12_inner col span_12  left\">\n\t<div  class=\"vc_col-sm-12 wpb_column column_container vc_column_container col child_column no-extra-padding inherit_tablet inherit_phone\"   data-padding-pos=\"all\" data-has-bg-color=\"false\" data-bg-color=\"\" data-bg-opacity=\"1\" data-animation=\"\" data-delay=\"0\" >\n\t\t<div class=\"vc_column-inner\" >\n\t\t<div class=\"wpb_wrapper\">\n\t\t\t<div class=\"img-with-aniamtion-wrap  margin_top_tablet_0px margin_top_phone_0px margin_bottom_tablet_0px margin_bottom_phone_0px\" data-max-width=\"125%\" data-max-width-mobile=\"default\" data-shadow=\"none\" data-animation=\"ro-reveal-from-left\"  style=\"margin-top: 25%; margin-bottom: 25%; \">\n      <div class=\"inner\">\n        <div class=\"hover-wrap\"> \n          <div class=\"hover-wrap-inner\">\n            <img decoding=\"async\" class=\"img-with-animation skip-lazy\" data-delay=\"0\" height=\"1266\" width=\"1920\" data-animation=\"ro-reveal-from-left\" src=\"https:\/\/energi.stuns.se\/wp-content\/uploads\/2021\/07\/STUNS_Academy_smile-scaled.jpg\" alt=\"\" srcset=\"https:\/\/energi.stuns.se\/wp-content\/uploads\/2021\/07\/STUNS_Academy_smile-scaled.jpg 1920w, https:\/\/energi.stuns.se\/wp-content\/uploads\/2021\/07\/STUNS_Academy_smile-300x198.jpg 300w, https:\/\/energi.stuns.se\/wp-content\/uploads\/2021\/07\/STUNS_Academy_smile-970x639.jpg 970w, https:\/\/energi.stuns.se\/wp-content\/uploads\/2021\/07\/STUNS_Academy_smile-768x506.jpg 768w, https:\/\/energi.stuns.se\/wp-content\/uploads\/2021\/07\/STUNS_Academy_smile-1536x1013.jpg 1536w, https:\/\/energi.stuns.se\/wp-content\/uploads\/2021\/07\/STUNS_Academy_smile-2048x1350.jpg 2048w\" sizes=\"(max-width: 1920px) 100vw, 1920px\" \/>\n          <\/div>\n        <\/div>\n        \n      <\/div>\n    <\/div>\n\t\t<\/div> \n\t<\/div>\n\t<\/div> \n<\/div><\/div>\n\t\t\t<\/div> \n\t\t<\/div>\n\t<\/div> \n\n\t<div style=\"\" class=\"vc_col-sm-7 wpb_column column_container vc_column_container col padding-10-percent inherit_tablet inherit_phone translate_x_tablet_0px translate_x_phone_0px translate_y_tablet_30px\" data-using-bg=\"true\" data-padding-pos=\"all\" data-has-bg-color=\"true\" data-bg-color=\"rgba(233,175,170,0.01)\" data-bg-opacity=\"1\" data-hover-bg=\"rgba(233,175,170,0.01)\" data-hover-bg-opacity=\"1\" data-animation=\"\" data-delay=\"0\" >\n\t\t<div class=\"vc_column-inner\" ><div class=\"column-bg-overlay-wrap column-bg-layer\" data-bg-animation=\"none\"><div class=\"column-bg-overlay\" style=\"opacity: 1; background-color: rgba(233,175,170,0.01);\"><\/div><\/div>\n\t\t\t<div class=\"wpb_wrapper\">\n\t\t\t\t<div id=\"fws_69e37d1d7e93b\" data-midnight=\"\" data-column-margin=\"default\" class=\"wpb_row vc_row-fluid vc_row inner_row  translate_x_15pct translate_x_tablet_0pct translate_x_phone_0pct\"  style=\"\"><div class=\"row-bg-wrap\"> <div class=\"row-bg\" ><\/div> <\/div><div class=\"row_col_wrap_12_inner col span_12  left\">\n\t<div  class=\"vc_col-sm-12 wpb_column column_container vc_column_container col child_column right_padding_desktop_0px\"   data-padding-pos=\"all\" data-has-bg-color=\"false\" data-bg-color=\"\" data-bg-opacity=\"1\" data-animation=\"\" data-delay=\"0\" >\n\t\t<div class=\"vc_column-inner\" >\n\t\t<div class=\"wpb_wrapper\">\n\t\t\t\n<div class=\"wpb_text_column wpb_content_element  vc_custom_1732608977243\" >\n\t<h1>We contribute to new solutions in the energy sector<\/h1>\n<\/div>\n\n\n\n\n<div class=\"wpb_text_column wpb_content_element  vc_custom_1625749556138\" style=\" max-width: 550px; display: inline-block;\">\n\t<p>STUNS Energi is a focus area within STUNS - the Foundation for collaboration between the universities of Uppsala, business and society. We contribute to developing the Uppsala region as a leading test bed in the energy and environmental area where new technologies, services and business models are tested and developed.<\/p>\n<\/div>\n\n\n\n<div class=\"nectar-cta  alignment_tablet_default alignment_phone_default display_tablet_inherit display_phone_inherit\" data-color=\"default\" data-using-bg=\"false\" data-style=\"arrow-animation\" data-display=\"block\" data-alignment=\"left\" data-text-color=\"custom\" style=\"--nectar-text-color: #000000; --nectar-button-color: var(--nectar-default); --nectar-icon-gap: 10px; \"><h5 style=\"color: #000000;\"><span class=\"link_wrap\" ><a  class=\"link_text\" role=\"button\" href=\"https:\/\/energi.stuns.se\/en\/projekt\/\"><span class=\"text\">Vill du veta mer om v\u00e5ra projekt?<\/span><svg class=\"next-arrow\" aria-hidden=\"true\" width=\"20px\" height=\"25px\" viewbox=\"0 0 50 80\" xml:space=\"preserve\">\n  <polyline stroke=\"#ffffff\" stroke-width=\"9\" fill=\"none\" stroke-linecap=\"round\" stroke-linejoin=\"round\" points=\"0, 0 45, 40 0, 80\"\/>\n  <\/svg>  <span aria-hidden=\"true\" class=\"line\"  style=\"background-color: #000000;\"><\/span> <\/a><\/span><\/h5><\/div><div class=\"nectar-cta  alignment_tablet_default alignment_phone_default display_tablet_inherit display_phone_inherit\" data-color=\"default\" data-using-bg=\"false\" data-style=\"arrow-animation\" data-display=\"block\" data-alignment=\"left\" data-text-color=\"custom\" style=\"--nectar-text-color: #000000; --nectar-button-color: var(--nectar-default); --nectar-icon-gap: 10px; \"><h5 style=\"color: #000000;\"><span class=\"link_wrap\" ><a target=\"_blank\" class=\"link_text\" role=\"button\" href=\"https:\/\/stuns.se\/\"><span class=\"text\">Would you like to read more about STUNS?<\/span><svg class=\"next-arrow\" aria-hidden=\"true\" width=\"20px\" height=\"25px\" viewbox=\"0 0 50 80\" xml:space=\"preserve\">\n  <polyline stroke=\"#ffffff\" stroke-width=\"9\" fill=\"none\" stroke-linecap=\"round\" stroke-linejoin=\"round\" points=\"0, 0 45, 40 0, 80\"\/>\n  <\/svg>  <span aria-hidden=\"true\" class=\"line\"  style=\"background-color: #000000;\"><\/span> <\/a><\/span><\/h5><\/div>\n\t\t<\/div> \n\t<\/div>\n\t<\/div> \n<\/div><\/div>\n\t\t\t<\/div> \n\t\t<\/div>\n\t<\/div> \n<\/div><\/div>","protected":false},"excerpt":{"rendered":"Vi medverkar till nya l\u00f6sningar inom energi och milj\u00f6 STUNS Energi \u00e4r ett verksamhetsomr\u00e5de inom STUNS - Stiftelsen f\u00f6r samverkan mellan universiteten i Uppsala, n\u00e4ringsliv och samh\u00e4lle. Vi ska medverka...","protected":false},"author":12,"featured_media":0,"parent":0,"menu_order":0,"comment_status":"closed","ping_status":"closed","template":"","meta":{"footnotes":""},"class_list":["post-1077","page","type-page","status-publish"],"yoast_head":"<!-- This site is optimized with the Yoast SEO plugin v27.4 - https:\/\/yoast.com\/product\/yoast-seo-wordpress\/ -->\n<title>Om oss - Stuns Energi<\/title>\n<meta name=\"description\" content=\"L\u00e4r dig mer om oss. Vi medverkar till nya l\u00f6sningar inom energi och milj\u00f6. STUNS Energi \u00e4r ett verksamhetsomr\u00e5de inom STUNS...\" \/>\n<meta name=\"robots\" content=\"index, follow, max-snippet:-1, max-image-preview:large, max-video-preview:-1\" \/>\n<link rel=\"canonical\" href=\"https:\/\/energi.stuns.se\/en\/om-oss\/\" \/>\n<meta property=\"og:locale\" content=\"en_GB\" \/>\n<meta property=\"og:type\" content=\"article\" \/>\n<meta property=\"og:title\" content=\"Om oss - Stuns Energi\" \/>\n<meta property=\"og:description\" content=\"L\u00e4r dig mer om oss. Vi medverkar till nya l\u00f6sningar inom energi och milj\u00f6. STUNS Energi \u00e4r ett verksamhetsomr\u00e5de inom STUNS...\" \/>\n<meta property=\"og:url\" content=\"https:\/\/energi.stuns.se\/en\/om-oss\/\" \/>\n<meta property=\"og:site_name\" content=\"Stuns Energi\" \/>\n<meta property=\"article:modified_time\" content=\"2024-11-26T08:39:05+00:00\" \/>\n<meta name=\"twitter:card\" content=\"summary_large_image\" \/>\n<meta name=\"twitter:label1\" content=\"Estimated reading time\" \/>\n\t<meta name=\"twitter:data1\" content=\"4 minutes\" \/>\n<script type=\"application\/ld+json\" class=\"yoast-schema-graph\">{\"@context\":\"https:\\\/\\\/schema.org\",\"@graph\":[{\"@type\":\"WebPage\",\"@id\":\"https:\\\/\\\/energi.stuns.se\\\/om-oss\\\/\",\"url\":\"https:\\\/\\\/energi.stuns.se\\\/om-oss\\\/\",\"name\":\"Om oss - Stuns Energi\",\"isPartOf\":{\"@id\":\"https:\\\/\\\/energi.stuns.se\\\/#website\"},\"datePublished\":\"2021-07-08T12:56:12+00:00\",\"dateModified\":\"2024-11-26T08:39:05+00:00\",\"description\":\"L\u00e4r dig mer om oss. Vi medverkar till nya l\u00f6sningar inom energi och milj\u00f6. STUNS Energi \u00e4r ett verksamhetsomr\u00e5de inom STUNS...\",\"inLanguage\":\"en-GB\",\"potentialAction\":[{\"@type\":\"ReadAction\",\"target\":[\"https:\\\/\\\/energi.stuns.se\\\/om-oss\\\/\"]}]},{\"@type\":\"WebSite\",\"@id\":\"https:\\\/\\\/energi.stuns.se\\\/#website\",\"url\":\"https:\\\/\\\/energi.stuns.se\\\/\",\"name\":\"Stuns Energi\",\"description\":\"\",\"potentialAction\":[{\"@type\":\"SearchAction\",\"target\":{\"@type\":\"EntryPoint\",\"urlTemplate\":\"https:\\\/\\\/energi.stuns.se\\\/?s={search_term_string}\"},\"query-input\":{\"@type\":\"PropertyValueSpecification\",\"valueRequired\":true,\"valueName\":\"search_term_string\"}}],\"inLanguage\":\"en-GB\"}]}<\/script>\n<!-- \/ Yoast SEO plugin. -->","yoast_head_json":{"title":"Om oss - Stuns Energi","description":"L\u00e4r dig mer om oss. Vi medverkar till nya l\u00f6sningar inom energi och milj\u00f6. STUNS Energi \u00e4r ett verksamhetsomr\u00e5de inom STUNS...","robots":{"index":"index","follow":"follow","max-snippet":"max-snippet:-1","max-image-preview":"max-image-preview:large","max-video-preview":"max-video-preview:-1"},"canonical":"https:\/\/energi.stuns.se\/en\/om-oss\/","og_locale":"en_GB","og_type":"article","og_title":"Om oss - Stuns Energi","og_description":"L\u00e4r dig mer om oss. Vi medverkar till nya l\u00f6sningar inom energi och milj\u00f6. STUNS Energi \u00e4r ett verksamhetsomr\u00e5de inom STUNS...","og_url":"https:\/\/energi.stuns.se\/en\/om-oss\/","og_site_name":"Stuns Energi","article_modified_time":"2024-11-26T08:39:05+00:00","twitter_card":"summary_large_image","twitter_misc":{"Estimated reading time":"4 minutes"},"schema":{"@context":"https:\/\/schema.org","@graph":[{"@type":"WebPage","@id":"https:\/\/energi.stuns.se\/om-oss\/","url":"https:\/\/energi.stuns.se\/om-oss\/","name":"Om oss - Stuns Energi","isPartOf":{"@id":"https:\/\/energi.stuns.se\/#website"},"datePublished":"2021-07-08T12:56:12+00:00","dateModified":"2024-11-26T08:39:05+00:00","description":"L\u00e4r dig mer om oss. Vi medverkar till nya l\u00f6sningar inom energi och milj\u00f6. STUNS Energi \u00e4r ett verksamhetsomr\u00e5de inom STUNS...","inLanguage":"en-GB","potentialAction":[{"@type":"ReadAction","target":["https:\/\/energi.stuns.se\/om-oss\/"]}]},{"@type":"WebSite","@id":"https:\/\/energi.stuns.se\/#website","url":"https:\/\/energi.stuns.se\/","name":"Stuns Energi","description":"","potentialAction":[{"@type":"SearchAction","target":{"@type":"EntryPoint","urlTemplate":"https:\/\/energi.stuns.se\/?s={search_term_string}"},"query-input":{"@type":"PropertyValueSpecification","valueRequired":true,"valueName":"search_term_string"}}],"inLanguage":"en-GB"}]}},"_links":{"self":[{"href":"https:\/\/energi.stuns.se\/en\/wp-json\/wp\/v2\/pages\/1077","targetHints":{"allow":["GET"]}}],"collection":[{"href":"https:\/\/energi.stuns.se\/en\/wp-json\/wp\/v2\/pages"}],"about":[{"href":"https:\/\/energi.stuns.se\/en\/wp-json\/wp\/v2\/types\/page"}],"author":[{"embeddable":true,"href":"https:\/\/energi.stuns.se\/en\/wp-json\/wp\/v2\/users\/12"}],"replies":[{"embeddable":true,"href":"https:\/\/energi.stuns.se\/en\/wp-json\/wp\/v2\/comments?post=1077"}],"version-history":[{"count":14,"href":"https:\/\/energi.stuns.se\/en\/wp-json\/wp\/v2\/pages\/1077\/revisions"}],"predecessor-version":[{"id":3050,"href":"https:\/\/energi.stuns.se\/en\/wp-json\/wp\/v2\/pages\/1077\/revisions\/3050"}],"wp:attachment":[{"href":"https:\/\/energi.stuns.se\/en\/wp-json\/wp\/v2\/media?parent=1077"}],"curies":[{"name":"wp","href":"https:\/\/api.w.org\/{rel}","templated":true}]}}