{"id":1057,"date":"2021-07-08T13:51:29","date_gmt":"2021-07-08T11:51:29","guid":{"rendered":"https:\/\/energi.stuns.se\/?page_id=1057"},"modified":"2024-11-20T10:44:18","modified_gmt":"2024-11-20T08:44:18","slug":"vart-natverk","status":"publish","type":"page","link":"https:\/\/energi.stuns.se\/en\/vart-natverk\/","title":{"rendered":"Our network"},"content":{"rendered":"<div id=\"fws_6a0a3ae2464e5\"  data-column-margin=\"default\" data-midnight=\"dark\"  class=\"wpb_row vc_row-fluid vc_row\"  style=\"padding-top: 0px; padding-bottom: 0px; \"><div class=\"row-bg-wrap\" data-bg-animation=\"none\" data-bg-animation-delay=\"\" data-bg-overlay=\"false\"><div class=\"inner-wrap row-bg-layer\" ><div class=\"row-bg viewport-desktop\"  style=\"\"><\/div><\/div><\/div><div class=\"row_col_wrap_12 col span_12 dark left\">\n\t<div  class=\"vc_col-sm-12 wpb_column column_container vc_column_container col padding-10-percent inherit_tablet padding-3-percent_phone\"  data-padding-pos=\"all\" data-has-bg-color=\"false\" data-bg-color=\"\" data-bg-opacity=\"1\" data-animation=\"\" data-delay=\"0\" >\n\t\t<div class=\"vc_column-inner\" >\n\t\t\t<div class=\"wpb_wrapper\">\n\t\t\t\t\n<div class=\"wpb_text_column wpb_content_element  vc_custom_1730712730704\" >\n\t<h1 style=\"text-align: center;\">Our network<\/h1>\n<\/div>\n\n\n\n<div id=\"fws_6a0a3ae246b70\" data-midnight=\"\" data-column-margin=\"default\" class=\"wpb_row vc_row-fluid vc_row inner_row\"  style=\"\"><div class=\"row-bg-wrap\"> <div class=\"row-bg\" ><\/div> <\/div><div class=\"row_col_wrap_12_inner col span_12  left\">\n\t<div  class=\"vc_col-sm-12 wpb_column column_container vc_column_container col child_column bottom_margin_phone_5pct left_padding_desktop_12pct left_padding_phone_0px right_padding_desktop_12pct right_padding_phone_0px bottom_padding_desktop_12pct\"   data-padding-pos=\"all\" data-has-bg-color=\"false\" data-bg-color=\"\" data-bg-opacity=\"1\" data-animation=\"\" data-delay=\"0\" >\n\t\t<div class=\"vc_column-inner\" >\n\t\t<div class=\"wpb_wrapper\">\n\t\t\t\n<div class=\"wpb_text_column wpb_content_element\" >\n\t<h2 style=\"text-align: center;\">Partners<\/h2>\n<\/div>\n\n\n\n\n<div class=\"wpb_text_column wpb_content_element\" >\n\t<p style=\"text-align: center;\">Verksamhetsomr\u00e5de Energi har ett brett n\u00e4tverk inom akademi, n\u00e4ringsliv och samh\u00e4lle. V\u00e5rt partnern\u00e4tverk best\u00e5ende av Skolfastigheter, Uppsala Parkering, Uppsala Arenor och fastigheter samt Region Uppsala Fastigheter och Service bist\u00e5r med st\u00f6d och m\u00f6jlighet till samverkan kring bland annat testb\u00e4ddar och systemdemonstratorer.<\/p>\n<\/div>\n\n\n\n\t\n\t\t\n\t<div class=\"clients no-carousel two-cols\" data-he=\"greyscale_to_color\" data-additional_padding=\"4\">\n\t\t\t<div class=\"no-link\">\n\t\t<img decoding=\"async\" src=\"https:\/\/energi.stuns.se\/wp-content\/uploads\/2016\/07\/skolfastigheter_logo.png\" alt=\"client\" width=\"270\" height=\"146\" \/>\t<\/div>\n\t<div class=\"no-link\">\n\t\t<img decoding=\"async\" src=\"https:\/\/energi.stuns.se\/wp-content\/uploads\/2024\/11\/uppsalaparkering_logo_2rader_black_yellow_rgb300x.png\" alt=\"Uppsala Parkeing logotyp.\" width=\"611\" height=\"251\" \/>\t<\/div>\n\t<div class=\"no-link\">\n\t\t<img decoding=\"async\" src=\"https:\/\/energi.stuns.se\/wp-content\/uploads\/2021\/12\/Uppsala-arenor_Logo_Black_300ppi_RGB-e1640159133396.png\" alt=\"Logotyp Uppsala arenor och fastigheter\" width=\"298\" height=\"87\" \/>\t<\/div>\n\t<div class=\"no-link\">\n\t\t<img decoding=\"async\" src=\"https:\/\/energi.stuns.se\/wp-content\/uploads\/2016\/07\/LUL_RegionUppsala_logo.png\" alt=\"Region Uppsala logotyp.\" width=\"787\" height=\"354\" \/>\t<\/div>\n\t<\/div>\n\t\n\n\t\t<\/div> \n\t<\/div>\n\t<\/div> \n<\/div><\/div>\n<div class=\"wpb_text_column wpb_content_element\" >\n\t<h2 style=\"text-align: center;\">STUNS stiftare<\/h2>\n<\/div>\n\n\n\n\t\n\t\t\n\t<div class=\"clients no-carousel three-cols\" data-he=\"greyscale_to_color\" data-additional_padding=\"2\">\n\t\t\t<div class=\"no-link\">\n\t\t<img decoding=\"async\" src=\"https:\/\/energi.stuns.se\/wp-content\/uploads\/2016\/07\/uu-logo.png\" alt=\"client\" width=\"270\" height=\"146\" \/>\t<\/div>\n\t<div class=\"no-link\">\n\t\t<img decoding=\"async\" src=\"https:\/\/energi.stuns.se\/wp-content\/uploads\/2016\/07\/slu-logo-rgb-web-mellan.jpg\" alt=\"SLU logotyp.\" width=\"170\" height=\"170\" \/>\t<\/div>\n\t<div class=\"no-link\">\n\t\t<img decoding=\"async\" src=\"https:\/\/energi.stuns.se\/wp-content\/uploads\/2021\/09\/shk_logo.png\" alt=\"Stockholms handelskammare\" width=\"3670\" height=\"930\" \/>\t<\/div>\n\t<div class=\"no-link\">\n\t\t<img decoding=\"async\" src=\"https:\/\/energi.stuns.se\/wp-content\/uploads\/2016\/07\/LUL_RegionUppsala_logo.png\" alt=\"Region Uppsala logotyp.\" width=\"787\" height=\"354\" \/>\t<\/div>\n\t<div class=\"no-link\">\n\t\t<img decoding=\"async\" src=\"https:\/\/energi.stuns.se\/wp-content\/uploads\/2021\/07\/lansstyrelsen.jpg\" alt=\"client\" width=\"500\" height=\"250\" \/>\t<\/div>\n\t<div class=\"no-link\">\n\t\t<img decoding=\"async\" src=\"https:\/\/energi.stuns.se\/wp-content\/uploads\/2021\/07\/Uppsala_kommun_Logo_Bl_Yellow_RGB.png\" alt=\"Uppsala kommun logotyp.\" width=\"1491\" height=\"539\" \/>\t<\/div>\n\t<\/div>\n\t\n\n\t\t\t<\/div> \n\t\t<\/div>\n\t<\/div> \n<\/div><\/div>","protected":false},"excerpt":{"rendered":"V\u00e5rt n\u00e4tverk Partners Verksamhetsomr\u00e5de Energi har ett brett n\u00e4tverk inom akademi, n\u00e4ringsliv och samh\u00e4lle. V\u00e5rt partnern\u00e4tverk best\u00e5ende av Skolfastigheter, Uppsala Parkering, Uppsala Arenor och fastigheter samt Region Uppsala Fastigheter och...","protected":false},"author":12,"featured_media":0,"parent":0,"menu_order":0,"comment_status":"closed","ping_status":"closed","template":"","meta":{"footnotes":""},"class_list":["post-1057","page","type-page","status-publish"],"yoast_head":"<!-- This site is optimized with the Yoast SEO plugin v27.6 - https:\/\/yoast.com\/product\/yoast-seo-wordpress\/ -->\n<title>V\u00e5rt n\u00e4tverk - Stuns Energi<\/title>\n<meta name=\"description\" content=\"Vi har ett starkt n\u00e4tverk med v\u00e5ra stiftare som grund och flera kontinueliga samarbetspartners.\" \/>\n<meta name=\"robots\" content=\"index, follow, max-snippet:-1, max-image-preview:large, max-video-preview:-1\" \/>\n<link rel=\"canonical\" href=\"https:\/\/energi.stuns.se\/en\/vart-natverk\/\" \/>\n<meta property=\"og:locale\" content=\"en_GB\" \/>\n<meta property=\"og:type\" content=\"article\" \/>\n<meta property=\"og:title\" content=\"V\u00e5rt n\u00e4tverk - Stuns Energi\" \/>\n<meta property=\"og:description\" content=\"Vi har ett starkt n\u00e4tverk med v\u00e5ra stiftare som grund och flera kontinueliga samarbetspartners.\" \/>\n<meta property=\"og:url\" content=\"https:\/\/energi.stuns.se\/en\/vart-natverk\/\" \/>\n<meta property=\"og:site_name\" content=\"Stuns Energi\" \/>\n<meta property=\"article:modified_time\" content=\"2024-11-20T08:44:18+00:00\" \/>\n<meta name=\"twitter:card\" content=\"summary_large_image\" \/>\n<meta name=\"twitter:label1\" content=\"Estimated reading time\" \/>\n\t<meta name=\"twitter:data1\" content=\"4 minutes\" \/>\n<script type=\"application\/ld+json\" class=\"yoast-schema-graph\">{\"@context\":\"https:\\\/\\\/schema.org\",\"@graph\":[{\"@type\":\"WebPage\",\"@id\":\"https:\\\/\\\/energi.stuns.se\\\/vart-natverk\\\/\",\"url\":\"https:\\\/\\\/energi.stuns.se\\\/vart-natverk\\\/\",\"name\":\"V\u00e5rt n\u00e4tverk - Stuns Energi\",\"isPartOf\":{\"@id\":\"https:\\\/\\\/energi.stuns.se\\\/#website\"},\"datePublished\":\"2021-07-08T11:51:29+00:00\",\"dateModified\":\"2024-11-20T08:44:18+00:00\",\"description\":\"Vi har ett starkt n\u00e4tverk med v\u00e5ra stiftare som grund och flera kontinueliga samarbetspartners.\",\"inLanguage\":\"en-GB\",\"potentialAction\":[{\"@type\":\"ReadAction\",\"target\":[\"https:\\\/\\\/energi.stuns.se\\\/vart-natverk\\\/\"]}]},{\"@type\":\"WebSite\",\"@id\":\"https:\\\/\\\/energi.stuns.se\\\/#website\",\"url\":\"https:\\\/\\\/energi.stuns.se\\\/\",\"name\":\"Stuns Energi\",\"description\":\"\",\"potentialAction\":[{\"@type\":\"SearchAction\",\"target\":{\"@type\":\"EntryPoint\",\"urlTemplate\":\"https:\\\/\\\/energi.stuns.se\\\/?s={search_term_string}\"},\"query-input\":{\"@type\":\"PropertyValueSpecification\",\"valueRequired\":true,\"valueName\":\"search_term_string\"}}],\"inLanguage\":\"en-GB\"}]}<\/script>\n<!-- \/ Yoast SEO plugin. -->","yoast_head_json":{"title":"V\u00e5rt n\u00e4tverk - Stuns Energi","description":"Vi har ett starkt n\u00e4tverk med v\u00e5ra stiftare som grund och flera kontinueliga samarbetspartners.","robots":{"index":"index","follow":"follow","max-snippet":"max-snippet:-1","max-image-preview":"max-image-preview:large","max-video-preview":"max-video-preview:-1"},"canonical":"https:\/\/energi.stuns.se\/en\/vart-natverk\/","og_locale":"en_GB","og_type":"article","og_title":"V\u00e5rt n\u00e4tverk - Stuns Energi","og_description":"Vi har ett starkt n\u00e4tverk med v\u00e5ra stiftare som grund och flera kontinueliga samarbetspartners.","og_url":"https:\/\/energi.stuns.se\/en\/vart-natverk\/","og_site_name":"Stuns Energi","article_modified_time":"2024-11-20T08:44:18+00:00","twitter_card":"summary_large_image","twitter_misc":{"Estimated reading time":"4 minutes"},"schema":{"@context":"https:\/\/schema.org","@graph":[{"@type":"WebPage","@id":"https:\/\/energi.stuns.se\/vart-natverk\/","url":"https:\/\/energi.stuns.se\/vart-natverk\/","name":"V\u00e5rt n\u00e4tverk - Stuns Energi","isPartOf":{"@id":"https:\/\/energi.stuns.se\/#website"},"datePublished":"2021-07-08T11:51:29+00:00","dateModified":"2024-11-20T08:44:18+00:00","description":"Vi har ett starkt n\u00e4tverk med v\u00e5ra stiftare som grund och flera kontinueliga samarbetspartners.","inLanguage":"en-GB","potentialAction":[{"@type":"ReadAction","target":["https:\/\/energi.stuns.se\/vart-natverk\/"]}]},{"@type":"WebSite","@id":"https:\/\/energi.stuns.se\/#website","url":"https:\/\/energi.stuns.se\/","name":"Stuns Energi","description":"","potentialAction":[{"@type":"SearchAction","target":{"@type":"EntryPoint","urlTemplate":"https:\/\/energi.stuns.se\/?s={search_term_string}"},"query-input":{"@type":"PropertyValueSpecification","valueRequired":true,"valueName":"search_term_string"}}],"inLanguage":"en-GB"}]}},"_links":{"self":[{"href":"https:\/\/energi.stuns.se\/en\/wp-json\/wp\/v2\/pages\/1057","targetHints":{"allow":["GET"]}}],"collection":[{"href":"https:\/\/energi.stuns.se\/en\/wp-json\/wp\/v2\/pages"}],"about":[{"href":"https:\/\/energi.stuns.se\/en\/wp-json\/wp\/v2\/types\/page"}],"author":[{"embeddable":true,"href":"https:\/\/energi.stuns.se\/en\/wp-json\/wp\/v2\/users\/12"}],"replies":[{"embeddable":true,"href":"https:\/\/energi.stuns.se\/en\/wp-json\/wp\/v2\/comments?post=1057"}],"version-history":[{"count":47,"href":"https:\/\/energi.stuns.se\/en\/wp-json\/wp\/v2\/pages\/1057\/revisions"}],"predecessor-version":[{"id":3048,"href":"https:\/\/energi.stuns.se\/en\/wp-json\/wp\/v2\/pages\/1057\/revisions\/3048"}],"wp:attachment":[{"href":"https:\/\/energi.stuns.se\/en\/wp-json\/wp\/v2\/media?parent=1057"}],"curies":[{"name":"wp","href":"https:\/\/api.w.org\/{rel}","templated":true}]}}